{"id":232,"date":"2014-12-22T13:33:24","date_gmt":"2014-12-22T12:33:24","guid":{"rendered":"http:\/\/bruecke-nach-aethiopien.srv08.ideefix.net\/?page_id=232"},"modified":"2014-12-29T16:01:36","modified_gmt":"2014-12-29T15:01:36","slug":"entstehung-und-gruendung","status":"publish","type":"page","link":"http:\/\/www.bruecke-nach-aethiopien.at\/?page_id=232","title":{"rendered":"Entstehung und Gr\u00fcndung"},"content":{"rendered":"<h3>SITUATION IN \u00c4THIOPIEN<\/h3>\n<p>T\u00e4glich werden in \u00c4thiopiens Hauptstadt Addis Abeba Kinder zu Waisen, da ihre Eltern sterben (AIDS, TBC,&#8230;). Nahezu t\u00e4glich werden Dutzende Kinder ausgesetzt und weggelegt. Die Waisenh\u00e4user sind voll mit Kindern ohne Eltern, mit Kindern ohne Chance auf Zukunft. Diesen Kindern will unser Verein helfen: mit Spendengeldern f\u00fcr Waisenh\u00e4user u. andere Einrichtungen f\u00fcr Kinder, mit der Erm\u00f6glichung von Bildung auch f\u00fcr arme Kinder, um ihnen eine Zukunftschance zu geben. Auch eine Adoption nach \u00d6sterreich kann eine Hilfe sein.<\/p>\n<h3>SITUATION IN \u00d6STERREICH<\/h3>\n<p>Es gibt immer mehr Paare, die ungewollt kinderlos bleiben. Etwa jedes 5. Paar ist davon betroffen. Nicht immer kann die Medizin weiterhelfen, auch die Wartelisten zur Adoption eines Kindes aus \u00d6sterreich sind teilweise &#8222;ausweglos&#8220; lang.<br \/>\nWir glauben, dass die Adoption eines Kindes aus dem Ausland, z.B. aus \u00c4thiopien, eine Chance bieten kann &#8211; f\u00fcr ungewollt kinderlose Paare und f\u00fcr Familien, die ein Kind aus \u00c4thiopien adoptieren und in ihre Familie aufnehmen wollen.<\/p>\n<h3>MOTIVATION ZUM ENGAGEMENT<\/h3>\n<p>Ausgehend von den zuvor beschriebenen, durchaus d\u00fcsteren Ausgangssituationen schien und scheint es uns wichtig, uns zu engagieren und einzusetzen: Denn jedes Kind, das durch unsere Arbeit eine Chance erh\u00e4lt, ist uns wichtig! So konnten wir nach etwa dreij\u00e4hriger Pionier- und Aufbauarbeit am 31. M\u00e4rz 2001 mit der konstituierenden Sitzung des Vereins BR\u00dcCKE NACH \u00c4THIOPIEN den Grundstein unseres &#8222;Br\u00fcckenbaues&#8220;, unseres &#8222;Traums&#8220; legen.<\/p>\n","protected":false},"excerpt":{"rendered":"<p>SITUATION IN \u00c4THIOPIEN T\u00e4glich werden in \u00c4thiopiens Hauptstadt Addis Abeba Kinder zu Waisen, da ihre Eltern sterben (AIDS, TBC,&#8230;). Nahezu t\u00e4glich werden Dutzende Kinder ausgesetzt und weggelegt. Die Waisenh\u00e4user sind voll mit Kindern ohne Eltern, mit Kindern ohne Chance auf Zukunft. Diesen Kindern will unser Verein helfen: mit Spendengeldern f\u00fcr Waisenh\u00e4user u. andere Einrichtungen f\u00fcr<\/p>\n","protected":false},"author":1,"featured_media":269,"parent":0,"menu_order":0,"comment_status":"open","ping_status":"open","template":"","meta":[],"yoast_head":"<!-- This site is optimized with the Yoast SEO plugin v20.3 - https:\/\/yoast.com\/wordpress\/plugins\/seo\/ -->\n<title>Entstehung und Gr\u00fcndung - Br\u00fccke nach \u00c4thiopien<\/title>\n<meta name=\"robots\" content=\"index, follow, max-snippet:-1, max-image-preview:large, max-video-preview:-1\" \/>\n<link rel=\"canonical\" href=\"http:\/\/www.bruecke-nach-aethiopien.at\/?page_id=232\" \/>\n<meta property=\"og:locale\" content=\"de_DE\" \/>\n<meta property=\"og:type\" content=\"article\" \/>\n<meta property=\"og:title\" content=\"Entstehung und Gr\u00fcndung - Br\u00fccke nach \u00c4thiopien\" \/>\n<meta property=\"og:description\" content=\"SITUATION IN \u00c4THIOPIEN T\u00e4glich werden in \u00c4thiopiens Hauptstadt Addis Abeba Kinder zu Waisen, da ihre Eltern sterben (AIDS, TBC,&#8230;). Nahezu t\u00e4glich werden Dutzende Kinder ausgesetzt und weggelegt. Die Waisenh\u00e4user sind voll mit Kindern ohne Eltern, mit Kindern ohne Chance auf Zukunft. Diesen Kindern will unser Verein helfen: mit Spendengeldern f\u00fcr Waisenh\u00e4user u. andere Einrichtungen f\u00fcr\" \/>\n<meta property=\"og:url\" content=\"http:\/\/www.bruecke-nach-aethiopien.at\/?page_id=232\" \/>\n<meta property=\"og:site_name\" content=\"Br\u00fccke nach \u00c4thiopien\" \/>\n<meta property=\"article:modified_time\" content=\"2014-12-29T15:01:36+00:00\" \/>\n<meta property=\"og:image\" content=\"https:\/\/i0.wp.com\/www.bruecke-nach-aethiopien.at\/wp-content\/uploads\/2014\/12\/gruen2.jpg?fit=778%2C220\" \/>\n\t<meta property=\"og:image:width\" content=\"778\" \/>\n\t<meta property=\"og:image:height\" content=\"220\" \/>\n\t<meta property=\"og:image:type\" content=\"image\/jpeg\" \/>\n<meta name=\"twitter:label1\" content=\"Gesch\u00e4tzte Lesezeit\" \/>\n\t<meta name=\"twitter:data1\" content=\"1\u00a0Minute\" \/>\n<script type=\"application\/ld+json\" class=\"yoast-schema-graph\">{\"@context\":\"https:\/\/schema.org\",\"@graph\":[{\"@type\":\"WebPage\",\"@id\":\"http:\/\/www.bruecke-nach-aethiopien.at\/?page_id=232\",\"url\":\"http:\/\/www.bruecke-nach-aethiopien.at\/?page_id=232\",\"name\":\"Entstehung und Gr\u00fcndung - Br\u00fccke nach \u00c4thiopien\",\"isPartOf\":{\"@id\":\"https:\/\/www.bruecke-nach-aethiopien.at\/#website\"},\"datePublished\":\"2014-12-22T12:33:24+00:00\",\"dateModified\":\"2014-12-29T15:01:36+00:00\",\"breadcrumb\":{\"@id\":\"http:\/\/www.bruecke-nach-aethiopien.at\/?page_id=232#breadcrumb\"},\"inLanguage\":\"de\",\"potentialAction\":[{\"@type\":\"ReadAction\",\"target\":[\"http:\/\/www.bruecke-nach-aethiopien.at\/?page_id=232\"]}]},{\"@type\":\"BreadcrumbList\",\"@id\":\"http:\/\/www.bruecke-nach-aethiopien.at\/?page_id=232#breadcrumb\",\"itemListElement\":[{\"@type\":\"ListItem\",\"position\":1,\"name\":\"Home\",\"item\":\"https:\/\/www.bruecke-nach-aethiopien.at\/\"},{\"@type\":\"ListItem\",\"position\":2,\"name\":\"Entstehung und Gr\u00fcndung\"}]},{\"@type\":\"WebSite\",\"@id\":\"https:\/\/www.bruecke-nach-aethiopien.at\/#website\",\"url\":\"https:\/\/www.bruecke-nach-aethiopien.at\/\",\"name\":\"Br\u00fccke nach \u00c4thiopien\",\"description\":\"Hilfe f\u00fcr \u00c4thiopien bzw. \u00c4thiopier in \u00d6sterreich\",\"potentialAction\":[{\"@type\":\"SearchAction\",\"target\":{\"@type\":\"EntryPoint\",\"urlTemplate\":\"https:\/\/www.bruecke-nach-aethiopien.at\/?s={search_term_string}\"},\"query-input\":\"required name=search_term_string\"}],\"inLanguage\":\"de\"}]}<\/script>\n<!-- \/ Yoast SEO plugin. -->","yoast_head_json":{"title":"Entstehung und Gr\u00fcndung - Br\u00fccke nach \u00c4thiopien","robots":{"index":"index","follow":"follow","max-snippet":"max-snippet:-1","max-image-preview":"max-image-preview:large","max-video-preview":"max-video-preview:-1"},"canonical":"http:\/\/www.bruecke-nach-aethiopien.at\/?page_id=232","og_locale":"de_DE","og_type":"article","og_title":"Entstehung und Gr\u00fcndung - Br\u00fccke nach \u00c4thiopien","og_description":"SITUATION IN \u00c4THIOPIEN T\u00e4glich werden in \u00c4thiopiens Hauptstadt Addis Abeba Kinder zu Waisen, da ihre Eltern sterben (AIDS, TBC,&#8230;). Nahezu t\u00e4glich werden Dutzende Kinder ausgesetzt und weggelegt. Die Waisenh\u00e4user sind voll mit Kindern ohne Eltern, mit Kindern ohne Chance auf Zukunft. Diesen Kindern will unser Verein helfen: mit Spendengeldern f\u00fcr Waisenh\u00e4user u. andere Einrichtungen f\u00fcr","og_url":"http:\/\/www.bruecke-nach-aethiopien.at\/?page_id=232","og_site_name":"Br\u00fccke nach \u00c4thiopien","article_modified_time":"2014-12-29T15:01:36+00:00","og_image":[{"width":778,"height":220,"url":"https:\/\/i0.wp.com\/www.bruecke-nach-aethiopien.at\/wp-content\/uploads\/2014\/12\/gruen2.jpg?fit=778%2C220","type":"image\/jpeg"}],"twitter_misc":{"Gesch\u00e4tzte Lesezeit":"1\u00a0Minute"},"schema":{"@context":"https:\/\/schema.org","@graph":[{"@type":"WebPage","@id":"http:\/\/www.bruecke-nach-aethiopien.at\/?page_id=232","url":"http:\/\/www.bruecke-nach-aethiopien.at\/?page_id=232","name":"Entstehung und Gr\u00fcndung - Br\u00fccke nach \u00c4thiopien","isPartOf":{"@id":"https:\/\/www.bruecke-nach-aethiopien.at\/#website"},"datePublished":"2014-12-22T12:33:24+00:00","dateModified":"2014-12-29T15:01:36+00:00","breadcrumb":{"@id":"http:\/\/www.bruecke-nach-aethiopien.at\/?page_id=232#breadcrumb"},"inLanguage":"de","potentialAction":[{"@type":"ReadAction","target":["http:\/\/www.bruecke-nach-aethiopien.at\/?page_id=232"]}]},{"@type":"BreadcrumbList","@id":"http:\/\/www.bruecke-nach-aethiopien.at\/?page_id=232#breadcrumb","itemListElement":[{"@type":"ListItem","position":1,"name":"Home","item":"https:\/\/www.bruecke-nach-aethiopien.at\/"},{"@type":"ListItem","position":2,"name":"Entstehung und Gr\u00fcndung"}]},{"@type":"WebSite","@id":"https:\/\/www.bruecke-nach-aethiopien.at\/#website","url":"https:\/\/www.bruecke-nach-aethiopien.at\/","name":"Br\u00fccke nach \u00c4thiopien","description":"Hilfe f\u00fcr \u00c4thiopien bzw. \u00c4thiopier in \u00d6sterreich","potentialAction":[{"@type":"SearchAction","target":{"@type":"EntryPoint","urlTemplate":"https:\/\/www.bruecke-nach-aethiopien.at\/?s={search_term_string}"},"query-input":"required name=search_term_string"}],"inLanguage":"de"}]}},"jetpack_shortlink":"https:\/\/wp.me\/P5xo1P-3K","_links":{"self":[{"href":"http:\/\/www.bruecke-nach-aethiopien.at\/index.php?rest_route=\/wp\/v2\/pages\/232"}],"collection":[{"href":"http:\/\/www.bruecke-nach-aethiopien.at\/index.php?rest_route=\/wp\/v2\/pages"}],"about":[{"href":"http:\/\/www.bruecke-nach-aethiopien.at\/index.php?rest_route=\/wp\/v2\/types\/page"}],"author":[{"embeddable":true,"href":"http:\/\/www.bruecke-nach-aethiopien.at\/index.php?rest_route=\/wp\/v2\/users\/1"}],"replies":[{"embeddable":true,"href":"http:\/\/www.bruecke-nach-aethiopien.at\/index.php?rest_route=%2Fwp%2Fv2%2Fcomments&post=232"}],"version-history":[{"count":2,"href":"http:\/\/www.bruecke-nach-aethiopien.at\/index.php?rest_route=\/wp\/v2\/pages\/232\/revisions"}],"predecessor-version":[{"id":284,"href":"http:\/\/www.bruecke-nach-aethiopien.at\/index.php?rest_route=\/wp\/v2\/pages\/232\/revisions\/284"}],"wp:featuredmedia":[{"embeddable":true,"href":"http:\/\/www.bruecke-nach-aethiopien.at\/index.php?rest_route=\/wp\/v2\/media\/269"}],"wp:attachment":[{"href":"http:\/\/www.bruecke-nach-aethiopien.at\/index.php?rest_route=%2Fwp%2Fv2%2Fmedia&parent=232"}],"curies":[{"name":"wp","href":"https:\/\/api.w.org\/{rel}","templated":true}]}}