{"id":234,"date":"2014-12-22T13:34:06","date_gmt":"2014-12-22T12:34:06","guid":{"rendered":"http:\/\/bruecke-nach-aethiopien.srv08.ideefix.net\/?page_id=234"},"modified":"2014-12-29T15:58:09","modified_gmt":"2014-12-29T14:58:09","slug":"vereinsziele","status":"publish","type":"page","link":"http:\/\/www.bruecke-nach-aethiopien.at\/?page_id=234","title":{"rendered":"Vereinsziele"},"content":{"rendered":"<p>Der Verein BR\u00dcCKE NACH \u00c4THIOPIEN (BNA) arbeitet ausnahmslos ehrenamtlich und hat sich folgende prim\u00e4re Ziele gesetzt:<\/p>\n<p>Initiierung &#8222;Hilfsma\u00dfnahmen f\u00fcr Kinder in Not&#8220; in \u00c4thiopien. Die besonderen Schwerpunke der Projektf\u00f6rderung liegen in den Bereichen Bildung und Hilfe f\u00fcr elternlose Kinder oder Stra\u00dfenkinder.<\/p>\n<p>F\u00f6rderung und Unterst\u00fctzung in Form einer &#8222;Informations- und Begleitungsstelle f\u00fcr Adoptiveltern in \u00d6sterreich&#8220; Adoptionen elternloser,\u00a0 verlassener Kinder aus \u00c4thiopien.<\/p>\n<p>Veranstaltung und Organisation von Treffen und Begegnungsm\u00f6glichkeiten f\u00fcr Familien, die ein Kind aus \u00c4thiopien adoptiert haben. Zudem m\u00f6chte BNA Anlaufstelle bei Problemen oder adoptionsspezifischen Fragestellungen sein.<\/p>\n<p>Unterst\u00fctzung und Begleitung der Adoptionspaare bei der Spurensuche bzw. Dokumentsicherung in \u00c4thiopien.<\/p>\n<p>Der Verein m\u00f6chte eine BR\u00dcCKE sein zwischen \u00c4thiopien und \u00d6sterreich!<\/p>\n","protected":false},"excerpt":{"rendered":"<p>Der Verein BR\u00dcCKE NACH \u00c4THIOPIEN (BNA) arbeitet ausnahmslos ehrenamtlich und hat sich folgende prim\u00e4re Ziele gesetzt: Initiierung &#8222;Hilfsma\u00dfnahmen f\u00fcr Kinder in Not&#8220; in \u00c4thiopien. Die besonderen Schwerpunke der Projektf\u00f6rderung liegen in den Bereichen Bildung und Hilfe f\u00fcr elternlose Kinder oder Stra\u00dfenkinder. F\u00f6rderung und Unterst\u00fctzung in Form einer &#8222;Informations- und Begleitungsstelle f\u00fcr Adoptiveltern in \u00d6sterreich&#8220; Adoptionen<\/p>\n","protected":false},"author":1,"featured_media":268,"parent":0,"menu_order":0,"comment_status":"open","ping_status":"open","template":"","meta":[],"yoast_head":"<!-- This site is optimized with the Yoast SEO plugin v20.3 - https:\/\/yoast.com\/wordpress\/plugins\/seo\/ -->\n<title>Vereinsziele - Br\u00fccke nach \u00c4thiopien<\/title>\n<meta name=\"robots\" content=\"index, follow, max-snippet:-1, max-image-preview:large, max-video-preview:-1\" \/>\n<link rel=\"canonical\" href=\"https:\/\/www.bruecke-nach-aethiopien.at\/?page_id=234\" \/>\n<meta property=\"og:locale\" content=\"de_DE\" \/>\n<meta property=\"og:type\" content=\"article\" \/>\n<meta property=\"og:title\" content=\"Vereinsziele - Br\u00fccke nach \u00c4thiopien\" \/>\n<meta property=\"og:description\" content=\"Der Verein BR\u00dcCKE NACH \u00c4THIOPIEN (BNA) arbeitet ausnahmslos ehrenamtlich und hat sich folgende prim\u00e4re Ziele gesetzt: Initiierung &#8222;Hilfsma\u00dfnahmen f\u00fcr Kinder in Not&#8220; in \u00c4thiopien. Die besonderen Schwerpunke der Projektf\u00f6rderung liegen in den Bereichen Bildung und Hilfe f\u00fcr elternlose Kinder oder Stra\u00dfenkinder. F\u00f6rderung und Unterst\u00fctzung in Form einer &#8222;Informations- und Begleitungsstelle f\u00fcr Adoptiveltern in \u00d6sterreich&#8220; Adoptionen\" \/>\n<meta property=\"og:url\" content=\"https:\/\/www.bruecke-nach-aethiopien.at\/?page_id=234\" \/>\n<meta property=\"og:site_name\" content=\"Br\u00fccke nach \u00c4thiopien\" \/>\n<meta property=\"article:modified_time\" content=\"2014-12-29T14:58:09+00:00\" \/>\n<meta property=\"og:image\" content=\"https:\/\/i0.wp.com\/www.bruecke-nach-aethiopien.at\/wp-content\/uploads\/2014\/12\/gruen.jpg?fit=778%2C220&ssl=1\" \/>\n\t<meta property=\"og:image:width\" content=\"778\" \/>\n\t<meta property=\"og:image:height\" content=\"220\" \/>\n\t<meta property=\"og:image:type\" content=\"image\/jpeg\" \/>\n<meta name=\"twitter:label1\" content=\"Gesch\u00e4tzte Lesezeit\" \/>\n\t<meta name=\"twitter:data1\" content=\"1\u00a0Minute\" \/>\n<script type=\"application\/ld+json\" class=\"yoast-schema-graph\">{\"@context\":\"https:\/\/schema.org\",\"@graph\":[{\"@type\":\"WebPage\",\"@id\":\"https:\/\/www.bruecke-nach-aethiopien.at\/?page_id=234\",\"url\":\"https:\/\/www.bruecke-nach-aethiopien.at\/?page_id=234\",\"name\":\"Vereinsziele - Br\u00fccke nach \u00c4thiopien\",\"isPartOf\":{\"@id\":\"http:\/\/www.bruecke-nach-aethiopien.at\/#website\"},\"datePublished\":\"2014-12-22T12:34:06+00:00\",\"dateModified\":\"2014-12-29T14:58:09+00:00\",\"breadcrumb\":{\"@id\":\"https:\/\/www.bruecke-nach-aethiopien.at\/?page_id=234#breadcrumb\"},\"inLanguage\":\"de\",\"potentialAction\":[{\"@type\":\"ReadAction\",\"target\":[\"https:\/\/www.bruecke-nach-aethiopien.at\/?page_id=234\"]}]},{\"@type\":\"BreadcrumbList\",\"@id\":\"https:\/\/www.bruecke-nach-aethiopien.at\/?page_id=234#breadcrumb\",\"itemListElement\":[{\"@type\":\"ListItem\",\"position\":1,\"name\":\"Home\",\"item\":\"http:\/\/www.bruecke-nach-aethiopien.at\/\"},{\"@type\":\"ListItem\",\"position\":2,\"name\":\"Vereinsziele\"}]},{\"@type\":\"WebSite\",\"@id\":\"http:\/\/www.bruecke-nach-aethiopien.at\/#website\",\"url\":\"http:\/\/www.bruecke-nach-aethiopien.at\/\",\"name\":\"Br\u00fccke nach \u00c4thiopien\",\"description\":\"Hilfe f\u00fcr \u00c4thiopien bzw. \u00c4thiopier in \u00d6sterreich\",\"potentialAction\":[{\"@type\":\"SearchAction\",\"target\":{\"@type\":\"EntryPoint\",\"urlTemplate\":\"http:\/\/www.bruecke-nach-aethiopien.at\/?s={search_term_string}\"},\"query-input\":\"required name=search_term_string\"}],\"inLanguage\":\"de\"}]}<\/script>\n<!-- \/ Yoast SEO plugin. -->","yoast_head_json":{"title":"Vereinsziele - Br\u00fccke nach \u00c4thiopien","robots":{"index":"index","follow":"follow","max-snippet":"max-snippet:-1","max-image-preview":"max-image-preview:large","max-video-preview":"max-video-preview:-1"},"canonical":"https:\/\/www.bruecke-nach-aethiopien.at\/?page_id=234","og_locale":"de_DE","og_type":"article","og_title":"Vereinsziele - Br\u00fccke nach \u00c4thiopien","og_description":"Der Verein BR\u00dcCKE NACH \u00c4THIOPIEN (BNA) arbeitet ausnahmslos ehrenamtlich und hat sich folgende prim\u00e4re Ziele gesetzt: Initiierung &#8222;Hilfsma\u00dfnahmen f\u00fcr Kinder in Not&#8220; in \u00c4thiopien. Die besonderen Schwerpunke der Projektf\u00f6rderung liegen in den Bereichen Bildung und Hilfe f\u00fcr elternlose Kinder oder Stra\u00dfenkinder. F\u00f6rderung und Unterst\u00fctzung in Form einer &#8222;Informations- und Begleitungsstelle f\u00fcr Adoptiveltern in \u00d6sterreich&#8220; Adoptionen","og_url":"https:\/\/www.bruecke-nach-aethiopien.at\/?page_id=234","og_site_name":"Br\u00fccke nach \u00c4thiopien","article_modified_time":"2014-12-29T14:58:09+00:00","og_image":[{"width":778,"height":220,"url":"https:\/\/i0.wp.com\/www.bruecke-nach-aethiopien.at\/wp-content\/uploads\/2014\/12\/gruen.jpg?fit=778%2C220&ssl=1","type":"image\/jpeg"}],"twitter_misc":{"Gesch\u00e4tzte Lesezeit":"1\u00a0Minute"},"schema":{"@context":"https:\/\/schema.org","@graph":[{"@type":"WebPage","@id":"https:\/\/www.bruecke-nach-aethiopien.at\/?page_id=234","url":"https:\/\/www.bruecke-nach-aethiopien.at\/?page_id=234","name":"Vereinsziele - Br\u00fccke nach \u00c4thiopien","isPartOf":{"@id":"http:\/\/www.bruecke-nach-aethiopien.at\/#website"},"datePublished":"2014-12-22T12:34:06+00:00","dateModified":"2014-12-29T14:58:09+00:00","breadcrumb":{"@id":"https:\/\/www.bruecke-nach-aethiopien.at\/?page_id=234#breadcrumb"},"inLanguage":"de","potentialAction":[{"@type":"ReadAction","target":["https:\/\/www.bruecke-nach-aethiopien.at\/?page_id=234"]}]},{"@type":"BreadcrumbList","@id":"https:\/\/www.bruecke-nach-aethiopien.at\/?page_id=234#breadcrumb","itemListElement":[{"@type":"ListItem","position":1,"name":"Home","item":"http:\/\/www.bruecke-nach-aethiopien.at\/"},{"@type":"ListItem","position":2,"name":"Vereinsziele"}]},{"@type":"WebSite","@id":"http:\/\/www.bruecke-nach-aethiopien.at\/#website","url":"http:\/\/www.bruecke-nach-aethiopien.at\/","name":"Br\u00fccke nach \u00c4thiopien","description":"Hilfe f\u00fcr \u00c4thiopien bzw. \u00c4thiopier in \u00d6sterreich","potentialAction":[{"@type":"SearchAction","target":{"@type":"EntryPoint","urlTemplate":"http:\/\/www.bruecke-nach-aethiopien.at\/?s={search_term_string}"},"query-input":"required name=search_term_string"}],"inLanguage":"de"}]}},"jetpack_shortlink":"https:\/\/wp.me\/P5xo1P-3M","_links":{"self":[{"href":"http:\/\/www.bruecke-nach-aethiopien.at\/index.php?rest_route=\/wp\/v2\/pages\/234"}],"collection":[{"href":"http:\/\/www.bruecke-nach-aethiopien.at\/index.php?rest_route=\/wp\/v2\/pages"}],"about":[{"href":"http:\/\/www.bruecke-nach-aethiopien.at\/index.php?rest_route=\/wp\/v2\/types\/page"}],"author":[{"embeddable":true,"href":"http:\/\/www.bruecke-nach-aethiopien.at\/index.php?rest_route=\/wp\/v2\/users\/1"}],"replies":[{"embeddable":true,"href":"http:\/\/www.bruecke-nach-aethiopien.at\/index.php?rest_route=%2Fwp%2Fv2%2Fcomments&post=234"}],"version-history":[{"count":2,"href":"http:\/\/www.bruecke-nach-aethiopien.at\/index.php?rest_route=\/wp\/v2\/pages\/234\/revisions"}],"predecessor-version":[{"id":283,"href":"http:\/\/www.bruecke-nach-aethiopien.at\/index.php?rest_route=\/wp\/v2\/pages\/234\/revisions\/283"}],"wp:featuredmedia":[{"embeddable":true,"href":"http:\/\/www.bruecke-nach-aethiopien.at\/index.php?rest_route=\/wp\/v2\/media\/268"}],"wp:attachment":[{"href":"http:\/\/www.bruecke-nach-aethiopien.at\/index.php?rest_route=%2Fwp%2Fv2%2Fmedia&parent=234"}],"curies":[{"name":"wp","href":"https:\/\/api.w.org\/{rel}","templated":true}]}}