{"id":236,"date":"2014-12-22T13:34:47","date_gmt":"2014-12-22T12:34:47","guid":{"rendered":"http:\/\/bruecke-nach-aethiopien.srv08.ideefix.net\/?page_id=236"},"modified":"2014-12-29T16:02:30","modified_gmt":"2014-12-29T15:02:30","slug":"ehrenamtliche-vereinsstruktur","status":"publish","type":"page","link":"http:\/\/www.bruecke-nach-aethiopien.at\/?page_id=236","title":{"rendered":"Ehrenamtliche Vereinsstruktur"},"content":{"rendered":"<h1>Grunds\u00e4tze und Strukturierung unserer Arbeit.<\/h1>\n<p>BR\u00dcCKE NACH \u00c4THIOPIEN ist ein gemeinn\u00fctziger Verein. Die genaue Organisation und Struktur ist in den Vereinsstatuten, in die jedes Mitglied auf Wunsch einsehen kann, festgelegt.<\/p>\n<p>Der Vorstand tritt durchschnittlich mindestens einmal im Monat zu einer Vorstandssitzung zusammen. In diesen Sitzungen werden die aktuellen T\u00e4tigkeiten reflektiert und neue Arbeitsbereiche besprochen und geplant.<\/p>\n<p>Ein erheblicher Teil der Vereinsarbeit wird von der Betreung und Begleitung von Paaren und Familien, die ein Kind aus \u00c4thiopien adoptieren, eingenommen. BR\u00dcCKE NACH \u00c4THIOPIEN stellt jedem Paar bzw. jeder Familie, die betreut wird, einen pers\u00f6nlichen Betreuer zur Seite. Diese sehr pers\u00f6nliche Arbeitsstruktur hat sich bisher sehr bew\u00e4hrt. Um diese Arbeit aber \u00fcberhaupt bew\u00e4ltigen zu k\u00f6nnen, unterst\u00fctzen uns inzwischen 11 weitere Betreuerfamilien &#8211; in allen Bundesl\u00e4ndern \u00d6sterreichs.<\/p>\n<p>BR\u00dcCKE NACH \u00c4THIOPIEN ist keine Vermittlungsstelle f\u00fcr Adoptivkinder, eine solche kann in der \u00f6sterreichischen Gesetzgebung immer nur die zust\u00e4ndige Jugenwohlfahrtsstelle sein. Wir arbeiten daher auch eng mit den Beh\u00f6rden &#8211; sowohl in \u00d6sterreich als auch in \u00c4thiopien &#8211; zusammen.<\/p>\n<p>Grundlage einer Zusammenabeit im Rahmen einer Adoption aus \u00c4thiopien ist daher immer eine positive Adoptionsbescheinigung oder Homestudy der Jugendwohlfahrt. Zudem gelten weitere vom Verein festgelegte Kriterien, die sich prim\u00e4r am Wohl des Adoptivkindes orientieren.<\/p>\n<p>Die Psychologin Dr. Silvia Zabernigg, Leiterin des Pflegekinderdienstes des Vbg. Kinderdorfs, ber\u00e4t und unterst\u00fctzt uns als Expertin in allen psychologischen Bereichen.<\/p>\n<p>F\u00fcr die Unterst\u00fctzung von zur Zeit drei Projekten in \u00c4thiopien werden vorwiegend Spenden von Mitgliedsfamilien oder F\u00f6rderern, aber auch Spendeneinnahmen aus verschiedenen Aktionen verwendet. In den 3 ersten Vereinsjahren konnten bereits mehr als 90.000 Euro an Spendengeldern nach \u00c4thiopien \u00fcberwiesen werden.<\/p>\n<p>SPENDEN werden von BR\u00dcCKE NACH \u00c4THIOPIEN zu 100% weitergeleitet! &#8211; Auch \u00dcbersch\u00fcsse aus den Mitgliedsbeitr\u00e4gen werden als Spende weitergegeben.<\/p>\n<p>Zuletzt &#8211; aber ganz besonders akzentuiert &#8211; sei erw\u00e4hnt, dass BR\u00dcCKE NACH \u00c4THIOPIEN intensiv am Aufbau einer Infrastruktur und Anlaufstelle f\u00fcr alle Familien mit Kindern aus \u00c4thiopien arbeitet. Dies ist besonders f\u00fcr die Zukunft der jetzt noch meist sehr kleinen Adoptivkinder von enormer Bedeutung!<\/p>\n<p>Angesichts der umfassenden Aufgabenbereiche w\u00fcrden wir uns sehr \u00fcber Verst\u00e4rkung in unserem Team freuen. Wenn Sie Interesse und Motivation haben, bei uns mitzumachen, schicken Sie uns doch ein Feedback mittels des Kontaktformulars auf unserer Website!<\/p>\n<p>&nbsp;<\/p>\n","protected":false},"excerpt":{"rendered":"<p>Grunds\u00e4tze und Strukturierung unserer Arbeit. BR\u00dcCKE NACH \u00c4THIOPIEN ist ein gemeinn\u00fctziger Verein. Die genaue Organisation und Struktur ist in den Vereinsstatuten, in die jedes Mitglied auf Wunsch einsehen kann, festgelegt. Der Vorstand tritt durchschnittlich mindestens einmal im Monat zu einer Vorstandssitzung zusammen. In diesen Sitzungen werden die aktuellen T\u00e4tigkeiten reflektiert und neue Arbeitsbereiche besprochen und<\/p>\n","protected":false},"author":1,"featured_media":272,"parent":0,"menu_order":0,"comment_status":"open","ping_status":"open","template":"","meta":[],"yoast_head":"<!-- This site is optimized with the Yoast SEO plugin v20.3 - https:\/\/yoast.com\/wordpress\/plugins\/seo\/ -->\n<title>Ehrenamtliche Vereinsstruktur - Br\u00fccke nach \u00c4thiopien<\/title>\n<meta name=\"robots\" content=\"index, follow, max-snippet:-1, max-image-preview:large, max-video-preview:-1\" \/>\n<link rel=\"canonical\" href=\"http:\/\/www.bruecke-nach-aethiopien.at\/?page_id=236\" \/>\n<meta property=\"og:locale\" content=\"de_DE\" \/>\n<meta property=\"og:type\" content=\"article\" \/>\n<meta property=\"og:title\" content=\"Ehrenamtliche Vereinsstruktur - Br\u00fccke nach \u00c4thiopien\" \/>\n<meta property=\"og:description\" content=\"Grunds\u00e4tze und Strukturierung unserer Arbeit. BR\u00dcCKE NACH \u00c4THIOPIEN ist ein gemeinn\u00fctziger Verein. Die genaue Organisation und Struktur ist in den Vereinsstatuten, in die jedes Mitglied auf Wunsch einsehen kann, festgelegt. Der Vorstand tritt durchschnittlich mindestens einmal im Monat zu einer Vorstandssitzung zusammen. In diesen Sitzungen werden die aktuellen T\u00e4tigkeiten reflektiert und neue Arbeitsbereiche besprochen und\" \/>\n<meta property=\"og:url\" content=\"http:\/\/www.bruecke-nach-aethiopien.at\/?page_id=236\" \/>\n<meta property=\"og:site_name\" content=\"Br\u00fccke nach \u00c4thiopien\" \/>\n<meta property=\"article:modified_time\" content=\"2014-12-29T15:02:30+00:00\" \/>\n<meta property=\"og:image\" content=\"https:\/\/i0.wp.com\/www.bruecke-nach-aethiopien.at\/wp-content\/uploads\/2014\/12\/kinder-wagen.jpg?fit=778%2C220\" \/>\n\t<meta property=\"og:image:width\" content=\"778\" \/>\n\t<meta property=\"og:image:height\" content=\"220\" \/>\n\t<meta property=\"og:image:type\" content=\"image\/jpeg\" \/>\n<meta name=\"twitter:label1\" content=\"Gesch\u00e4tzte Lesezeit\" \/>\n\t<meta name=\"twitter:data1\" content=\"2\u00a0Minuten\" \/>\n<script type=\"application\/ld+json\" class=\"yoast-schema-graph\">{\"@context\":\"https:\/\/schema.org\",\"@graph\":[{\"@type\":\"WebPage\",\"@id\":\"http:\/\/www.bruecke-nach-aethiopien.at\/?page_id=236\",\"url\":\"http:\/\/www.bruecke-nach-aethiopien.at\/?page_id=236\",\"name\":\"Ehrenamtliche Vereinsstruktur - Br\u00fccke nach \u00c4thiopien\",\"isPartOf\":{\"@id\":\"https:\/\/www.bruecke-nach-aethiopien.at\/#website\"},\"datePublished\":\"2014-12-22T12:34:47+00:00\",\"dateModified\":\"2014-12-29T15:02:30+00:00\",\"breadcrumb\":{\"@id\":\"http:\/\/www.bruecke-nach-aethiopien.at\/?page_id=236#breadcrumb\"},\"inLanguage\":\"de\",\"potentialAction\":[{\"@type\":\"ReadAction\",\"target\":[\"http:\/\/www.bruecke-nach-aethiopien.at\/?page_id=236\"]}]},{\"@type\":\"BreadcrumbList\",\"@id\":\"http:\/\/www.bruecke-nach-aethiopien.at\/?page_id=236#breadcrumb\",\"itemListElement\":[{\"@type\":\"ListItem\",\"position\":1,\"name\":\"Home\",\"item\":\"https:\/\/www.bruecke-nach-aethiopien.at\/\"},{\"@type\":\"ListItem\",\"position\":2,\"name\":\"Ehrenamtliche Vereinsstruktur\"}]},{\"@type\":\"WebSite\",\"@id\":\"https:\/\/www.bruecke-nach-aethiopien.at\/#website\",\"url\":\"https:\/\/www.bruecke-nach-aethiopien.at\/\",\"name\":\"Br\u00fccke nach \u00c4thiopien\",\"description\":\"Hilfe f\u00fcr \u00c4thiopien bzw. \u00c4thiopier in \u00d6sterreich\",\"potentialAction\":[{\"@type\":\"SearchAction\",\"target\":{\"@type\":\"EntryPoint\",\"urlTemplate\":\"https:\/\/www.bruecke-nach-aethiopien.at\/?s={search_term_string}\"},\"query-input\":\"required name=search_term_string\"}],\"inLanguage\":\"de\"}]}<\/script>\n<!-- \/ Yoast SEO plugin. -->","yoast_head_json":{"title":"Ehrenamtliche Vereinsstruktur - Br\u00fccke nach \u00c4thiopien","robots":{"index":"index","follow":"follow","max-snippet":"max-snippet:-1","max-image-preview":"max-image-preview:large","max-video-preview":"max-video-preview:-1"},"canonical":"http:\/\/www.bruecke-nach-aethiopien.at\/?page_id=236","og_locale":"de_DE","og_type":"article","og_title":"Ehrenamtliche Vereinsstruktur - Br\u00fccke nach \u00c4thiopien","og_description":"Grunds\u00e4tze und Strukturierung unserer Arbeit. BR\u00dcCKE NACH \u00c4THIOPIEN ist ein gemeinn\u00fctziger Verein. Die genaue Organisation und Struktur ist in den Vereinsstatuten, in die jedes Mitglied auf Wunsch einsehen kann, festgelegt. Der Vorstand tritt durchschnittlich mindestens einmal im Monat zu einer Vorstandssitzung zusammen. In diesen Sitzungen werden die aktuellen T\u00e4tigkeiten reflektiert und neue Arbeitsbereiche besprochen und","og_url":"http:\/\/www.bruecke-nach-aethiopien.at\/?page_id=236","og_site_name":"Br\u00fccke nach \u00c4thiopien","article_modified_time":"2014-12-29T15:02:30+00:00","og_image":[{"width":778,"height":220,"url":"https:\/\/i0.wp.com\/www.bruecke-nach-aethiopien.at\/wp-content\/uploads\/2014\/12\/kinder-wagen.jpg?fit=778%2C220","type":"image\/jpeg"}],"twitter_misc":{"Gesch\u00e4tzte Lesezeit":"2\u00a0Minuten"},"schema":{"@context":"https:\/\/schema.org","@graph":[{"@type":"WebPage","@id":"http:\/\/www.bruecke-nach-aethiopien.at\/?page_id=236","url":"http:\/\/www.bruecke-nach-aethiopien.at\/?page_id=236","name":"Ehrenamtliche Vereinsstruktur - Br\u00fccke nach \u00c4thiopien","isPartOf":{"@id":"https:\/\/www.bruecke-nach-aethiopien.at\/#website"},"datePublished":"2014-12-22T12:34:47+00:00","dateModified":"2014-12-29T15:02:30+00:00","breadcrumb":{"@id":"http:\/\/www.bruecke-nach-aethiopien.at\/?page_id=236#breadcrumb"},"inLanguage":"de","potentialAction":[{"@type":"ReadAction","target":["http:\/\/www.bruecke-nach-aethiopien.at\/?page_id=236"]}]},{"@type":"BreadcrumbList","@id":"http:\/\/www.bruecke-nach-aethiopien.at\/?page_id=236#breadcrumb","itemListElement":[{"@type":"ListItem","position":1,"name":"Home","item":"https:\/\/www.bruecke-nach-aethiopien.at\/"},{"@type":"ListItem","position":2,"name":"Ehrenamtliche Vereinsstruktur"}]},{"@type":"WebSite","@id":"https:\/\/www.bruecke-nach-aethiopien.at\/#website","url":"https:\/\/www.bruecke-nach-aethiopien.at\/","name":"Br\u00fccke nach \u00c4thiopien","description":"Hilfe f\u00fcr \u00c4thiopien bzw. \u00c4thiopier in \u00d6sterreich","potentialAction":[{"@type":"SearchAction","target":{"@type":"EntryPoint","urlTemplate":"https:\/\/www.bruecke-nach-aethiopien.at\/?s={search_term_string}"},"query-input":"required name=search_term_string"}],"inLanguage":"de"}]}},"jetpack_shortlink":"https:\/\/wp.me\/P5xo1P-3O","_links":{"self":[{"href":"http:\/\/www.bruecke-nach-aethiopien.at\/index.php?rest_route=\/wp\/v2\/pages\/236"}],"collection":[{"href":"http:\/\/www.bruecke-nach-aethiopien.at\/index.php?rest_route=\/wp\/v2\/pages"}],"about":[{"href":"http:\/\/www.bruecke-nach-aethiopien.at\/index.php?rest_route=\/wp\/v2\/types\/page"}],"author":[{"embeddable":true,"href":"http:\/\/www.bruecke-nach-aethiopien.at\/index.php?rest_route=\/wp\/v2\/users\/1"}],"replies":[{"embeddable":true,"href":"http:\/\/www.bruecke-nach-aethiopien.at\/index.php?rest_route=%2Fwp%2Fv2%2Fcomments&post=236"}],"version-history":[{"count":3,"href":"http:\/\/www.bruecke-nach-aethiopien.at\/index.php?rest_route=\/wp\/v2\/pages\/236\/revisions"}],"predecessor-version":[{"id":282,"href":"http:\/\/www.bruecke-nach-aethiopien.at\/index.php?rest_route=\/wp\/v2\/pages\/236\/revisions\/282"}],"wp:featuredmedia":[{"embeddable":true,"href":"http:\/\/www.bruecke-nach-aethiopien.at\/index.php?rest_route=\/wp\/v2\/media\/272"}],"wp:attachment":[{"href":"http:\/\/www.bruecke-nach-aethiopien.at\/index.php?rest_route=%2Fwp%2Fv2%2Fmedia&parent=236"}],"curies":[{"name":"wp","href":"https:\/\/api.w.org\/{rel}","templated":true}]}}