{"id":299,"date":"2014-12-29T12:03:38","date_gmt":"2014-12-29T11:03:38","guid":{"rendered":"http:\/\/bruecke-nach-aethiopien.srv08.ideefix.net\/?page_id=299"},"modified":"2014-12-29T12:03:38","modified_gmt":"2014-12-29T11:03:38","slug":"impressum","status":"publish","type":"page","link":"http:\/\/www.bruecke-nach-aethiopien.at\/?page_id=299","title":{"rendered":"Impressum"},"content":{"rendered":"<p>Kontaktadresse &#8211; Redaktion:<\/p>\n<p>BR\u00dcCKE NACH \u00c4THIOPIEN<br \/>\nScherschham 35<br \/>\n5221 Lochen<br \/>\nemail: &#x6f;f&#x66;&#105;c&#x65;&#64;&#x62;&#x72;u&#x65;&#99;k&#x65;-&#x6e;&#97;c&#x68;&#45;a&#x65;t&#x68;&#105;o&#x70;i&#x65;&#x6e;.&#x61;&#116;<\/p>\n<p>Haftungsausschluss:<\/p>\n<p>1. Verweise und Links<br \/>\nBei direkten oder indirekten Verweisen auf fremde Internetseiten (&#8222;Links&#8220;), die au\u00dferhalb des Verantwortungsbereiches des Vereins BR\u00dcCKE NACH \u00c4THIOPIEN liegen, w\u00fcrde eine Haftungsverpflichtung ausschlie\u00dflich in dem Fall in Kraft treten, in dem BR\u00dcCKE NACH \u00c4THIOPIEN von den Inhalten Kenntnis hat und es technisch m\u00f6glich und zumutbar w\u00e4re, die Nutzung im Falle rechtswidriger Inhalte zu verhindern. BR\u00dcCKE NACH \u00c4THIOPIEN erkl\u00e4rt daher ausdr\u00fccklich, dass zum Zeitpunkt der Linksetzung die entsprechenden verlinkten Seiten frei von illegalen Inhalten waren. BR\u00dcCKE NACH \u00c4THIOPIEN hat keinerlei Einfluss auf die aktuelle und zuk\u00fcnftige Gestaltung und auf die Inhalte der gelinkten\/verkn\u00fcpften Seiten. Deshalb distanziert es sich hiermit ausdr\u00fccklich von allen Inhalten aller gelinkten \/verkn\u00fcpften Seiten, die nach der Linksetzung ver\u00e4ndert wurden. Diese Feststellung gilt f\u00fcr alle innerhalb des eigenen Internetangebotes gesetzten Links und Verweise. F\u00fcr illegale, fehlerhafte oder unvollst\u00e4ndige Inhalte und insbesondere f\u00fcr Sch\u00e4den, die aus der Nutzung oder Nichtnutzung solcherart dargebotener Informationen entstehen, haftet allein der Anbieter der Seite, auf welche verwiesen wurde, nicht derjenige, der \u00fcber Links auf die jeweilige Ver\u00f6ffentlichung lediglich verweist.<\/p>\n<p>2. Urheber- und Kennzeichenrecht<br \/>\nBR\u00dcCKE NACH \u00c4THIOPIEN ist bestrebt, in allen Publikationen die Urheberrechte der verwendeten Grafiken, Tondokumente, Videosequenzen und Texte zu beachten, selbst erstellte Grafiken, Tondokumente, Videosequenzen und Texte zu nutzen oder auf lizenzfreie Grafiken, Tondokumente, Videosequenzen und Texte zur\u00fcckzugreifen. Alle innerhalb des Internetangebotes genannten und ggf. durch Dritte gesch\u00fctzten Marken- und Warenzeichen unterliegen uneingeschr\u00e4nkt den Bestimmungen des jeweils g\u00fcltigen Kennzeichenrechts und den Besitzrechten der jeweiligen eingetragenen Eigent\u00fcmer. Allein auf Grund der blo\u00dfen Nennung ist nicht der Schluss zu ziehen, dass Markenzeichen nicht durch Rechte Dritter gesch\u00fctzt sind! Das Copyright f\u00fcr ver\u00f6ffentlichte und selbst erstellte Objekte bleibt allein bei BR\u00dcCKE NACH \u00c4THIOPIEN. Eine Vervielf\u00e4ltigung oder Verwendung solcher Grafiken, Tondokumente, Videosequenzen und Texte in anderen elektronischen oder gedruckten Publikationen ist ohne ausdr\u00fcckliche Zustimmung von BR\u00dcCKE NACH \u00c4THIOPIEN nicht gestattet.<\/p>\n<p>4. Datenschutz<br \/>\nSofern innerhalb des Internetangebotes die M\u00f6glichkeit zur Eingabe pers\u00f6nlicher oder gesch\u00e4ftlicher Daten (Emailadressen, Namen, Anschriften) besteht, so erfolgt die Preisgabe dieser Daten seitens des Nutzers auf ausdr\u00fccklich freiwilliger Basis.<\/p>\n<p>5. Rechtswirksamkeit dieses Haftungsausschlusses<br \/>\nDieser Haftungsausschluss ist als Teil des Internetangebotes zu betrachten, von dem aus auf diese Seite verwiesen wurde. Sofern Teile oder einzelne Formulierungen dieses Textes der geltenden Rechtslage nicht, nicht mehr oder nicht vollst\u00e4ndig entsprechen sollten, bleiben die \u00fcbrigen Teile des Dokumentes in ihrem Inhalt und ihrer G\u00fcltigkeit davon unber\u00fchrt.<\/p>\n","protected":false},"excerpt":{"rendered":"<p>Kontaktadresse &#8211; Redaktion: BR\u00dcCKE NACH \u00c4THIOPIEN Scherschham 35 5221 Lochen email: &#111;f&#x66;i&#x63;e&#x40;b&#x72;u&#x65;c&#x6b;e&#x2d;n&#x61;c&#x68;&#45;&#x61;&#101;&#x74;&#104;&#x69;&#111;p&#x69;e&#x6e;.&#x61;t Haftungsausschluss: 1. Verweise und Links Bei direkten oder indirekten Verweisen auf fremde Internetseiten (&#8222;Links&#8220;), die au\u00dferhalb des Verantwortungsbereiches des Vereins BR\u00dcCKE NACH \u00c4THIOPIEN liegen, w\u00fcrde eine Haftungsverpflichtung ausschlie\u00dflich in dem Fall in Kraft treten, in dem BR\u00dcCKE NACH \u00c4THIOPIEN von den Inhalten Kenntnis<\/p>\n","protected":false},"author":1,"featured_media":0,"parent":0,"menu_order":0,"comment_status":"open","ping_status":"open","template":"","meta":[],"yoast_head":"<!-- This site is optimized with the Yoast SEO plugin v20.3 - https:\/\/yoast.com\/wordpress\/plugins\/seo\/ -->\n<title>Impressum - Br\u00fccke nach \u00c4thiopien<\/title>\n<meta name=\"robots\" content=\"index, follow, max-snippet:-1, max-image-preview:large, max-video-preview:-1\" \/>\n<link rel=\"canonical\" href=\"http:\/\/www.bruecke-nach-aethiopien.at\/?page_id=299\" \/>\n<meta property=\"og:locale\" content=\"de_DE\" \/>\n<meta property=\"og:type\" content=\"article\" \/>\n<meta property=\"og:title\" content=\"Impressum - Br\u00fccke nach \u00c4thiopien\" \/>\n<meta property=\"og:description\" content=\"Kontaktadresse &#8211; Redaktion: BR\u00dcCKE NACH \u00c4THIOPIEN Scherschham 35 5221 Lochen email: &#x6f;f&#x66;&#x69;c&#x65;&#064;b&#x72;&#117;e&#x63;k&#x65;&#x2d;n&#x61;&#099;h&#x2d;&#097;e&#x74;h&#x69;&#x6f;p&#x69;&#x65;n&#x2e;&#097;t Haftungsausschluss: 1. Verweise und Links Bei direkten oder indirekten Verweisen auf fremde Internetseiten (&#8222;Links&#8220;), die au\u00dferhalb des Verantwortungsbereiches des Vereins BR\u00dcCKE NACH \u00c4THIOPIEN liegen, w\u00fcrde eine Haftungsverpflichtung ausschlie\u00dflich in dem Fall in Kraft treten, in dem BR\u00dcCKE NACH \u00c4THIOPIEN von den Inhalten Kenntnis\" \/>\n<meta property=\"og:url\" content=\"http:\/\/www.bruecke-nach-aethiopien.at\/?page_id=299\" \/>\n<meta property=\"og:site_name\" content=\"Br\u00fccke nach \u00c4thiopien\" \/>\n<meta name=\"twitter:label1\" content=\"Gesch\u00e4tzte Lesezeit\" \/>\n\t<meta name=\"twitter:data1\" content=\"2\u00a0Minuten\" \/>\n<script type=\"application\/ld+json\" class=\"yoast-schema-graph\">{\"@context\":\"https:\/\/schema.org\",\"@graph\":[{\"@type\":\"WebPage\",\"@id\":\"http:\/\/www.bruecke-nach-aethiopien.at\/?page_id=299\",\"url\":\"http:\/\/www.bruecke-nach-aethiopien.at\/?page_id=299\",\"name\":\"Impressum - Br\u00fccke nach \u00c4thiopien\",\"isPartOf\":{\"@id\":\"https:\/\/www.bruecke-nach-aethiopien.at\/#website\"},\"datePublished\":\"2014-12-29T11:03:38+00:00\",\"dateModified\":\"2014-12-29T11:03:38+00:00\",\"breadcrumb\":{\"@id\":\"http:\/\/www.bruecke-nach-aethiopien.at\/?page_id=299#breadcrumb\"},\"inLanguage\":\"de\",\"potentialAction\":[{\"@type\":\"ReadAction\",\"target\":[\"http:\/\/www.bruecke-nach-aethiopien.at\/?page_id=299\"]}]},{\"@type\":\"BreadcrumbList\",\"@id\":\"http:\/\/www.bruecke-nach-aethiopien.at\/?page_id=299#breadcrumb\",\"itemListElement\":[{\"@type\":\"ListItem\",\"position\":1,\"name\":\"Home\",\"item\":\"https:\/\/www.bruecke-nach-aethiopien.at\/\"},{\"@type\":\"ListItem\",\"position\":2,\"name\":\"Impressum\"}]},{\"@type\":\"WebSite\",\"@id\":\"https:\/\/www.bruecke-nach-aethiopien.at\/#website\",\"url\":\"https:\/\/www.bruecke-nach-aethiopien.at\/\",\"name\":\"Br\u00fccke nach \u00c4thiopien\",\"description\":\"Hilfe f\u00fcr \u00c4thiopien bzw. \u00c4thiopier in \u00d6sterreich\",\"potentialAction\":[{\"@type\":\"SearchAction\",\"target\":{\"@type\":\"EntryPoint\",\"urlTemplate\":\"https:\/\/www.bruecke-nach-aethiopien.at\/?s={search_term_string}\"},\"query-input\":\"required name=search_term_string\"}],\"inLanguage\":\"de\"}]}<\/script>\n<!-- \/ Yoast SEO plugin. -->","yoast_head_json":{"title":"Impressum - Br\u00fccke nach \u00c4thiopien","robots":{"index":"index","follow":"follow","max-snippet":"max-snippet:-1","max-image-preview":"max-image-preview:large","max-video-preview":"max-video-preview:-1"},"canonical":"http:\/\/www.bruecke-nach-aethiopien.at\/?page_id=299","og_locale":"de_DE","og_type":"article","og_title":"Impressum - Br\u00fccke nach \u00c4thiopien","og_description":"Kontaktadresse &#8211; Redaktion: BR\u00dcCKE NACH \u00c4THIOPIEN Scherschham 35 5221 Lochen email: &#x6f;f&#x66;&#x69;c&#x65;&#64;b&#x72;&#117;e&#x63;k&#x65;&#x2d;n&#x61;&#99;h&#x2d;&#97;e&#x74;h&#x69;&#x6f;p&#x69;&#x65;n&#x2e;&#97;t Haftungsausschluss: 1. Verweise und Links Bei direkten oder indirekten Verweisen auf fremde Internetseiten (&#8222;Links&#8220;), die au\u00dferhalb des Verantwortungsbereiches des Vereins BR\u00dcCKE NACH \u00c4THIOPIEN liegen, w\u00fcrde eine Haftungsverpflichtung ausschlie\u00dflich in dem Fall in Kraft treten, in dem BR\u00dcCKE NACH \u00c4THIOPIEN von den Inhalten Kenntnis","og_url":"http:\/\/www.bruecke-nach-aethiopien.at\/?page_id=299","og_site_name":"Br\u00fccke nach \u00c4thiopien","twitter_misc":{"Gesch\u00e4tzte Lesezeit":"2\u00a0Minuten"},"schema":{"@context":"https:\/\/schema.org","@graph":[{"@type":"WebPage","@id":"http:\/\/www.bruecke-nach-aethiopien.at\/?page_id=299","url":"http:\/\/www.bruecke-nach-aethiopien.at\/?page_id=299","name":"Impressum - Br\u00fccke nach \u00c4thiopien","isPartOf":{"@id":"https:\/\/www.bruecke-nach-aethiopien.at\/#website"},"datePublished":"2014-12-29T11:03:38+00:00","dateModified":"2014-12-29T11:03:38+00:00","breadcrumb":{"@id":"http:\/\/www.bruecke-nach-aethiopien.at\/?page_id=299#breadcrumb"},"inLanguage":"de","potentialAction":[{"@type":"ReadAction","target":["http:\/\/www.bruecke-nach-aethiopien.at\/?page_id=299"]}]},{"@type":"BreadcrumbList","@id":"http:\/\/www.bruecke-nach-aethiopien.at\/?page_id=299#breadcrumb","itemListElement":[{"@type":"ListItem","position":1,"name":"Home","item":"https:\/\/www.bruecke-nach-aethiopien.at\/"},{"@type":"ListItem","position":2,"name":"Impressum"}]},{"@type":"WebSite","@id":"https:\/\/www.bruecke-nach-aethiopien.at\/#website","url":"https:\/\/www.bruecke-nach-aethiopien.at\/","name":"Br\u00fccke nach \u00c4thiopien","description":"Hilfe f\u00fcr \u00c4thiopien bzw. \u00c4thiopier in \u00d6sterreich","potentialAction":[{"@type":"SearchAction","target":{"@type":"EntryPoint","urlTemplate":"https:\/\/www.bruecke-nach-aethiopien.at\/?s={search_term_string}"},"query-input":"required name=search_term_string"}],"inLanguage":"de"}]}},"jetpack_shortlink":"https:\/\/wp.me\/P5xo1P-4P","_links":{"self":[{"href":"http:\/\/www.bruecke-nach-aethiopien.at\/index.php?rest_route=\/wp\/v2\/pages\/299"}],"collection":[{"href":"http:\/\/www.bruecke-nach-aethiopien.at\/index.php?rest_route=\/wp\/v2\/pages"}],"about":[{"href":"http:\/\/www.bruecke-nach-aethiopien.at\/index.php?rest_route=\/wp\/v2\/types\/page"}],"author":[{"embeddable":true,"href":"http:\/\/www.bruecke-nach-aethiopien.at\/index.php?rest_route=\/wp\/v2\/users\/1"}],"replies":[{"embeddable":true,"href":"http:\/\/www.bruecke-nach-aethiopien.at\/index.php?rest_route=%2Fwp%2Fv2%2Fcomments&post=299"}],"version-history":[{"count":1,"href":"http:\/\/www.bruecke-nach-aethiopien.at\/index.php?rest_route=\/wp\/v2\/pages\/299\/revisions"}],"predecessor-version":[{"id":300,"href":"http:\/\/www.bruecke-nach-aethiopien.at\/index.php?rest_route=\/wp\/v2\/pages\/299\/revisions\/300"}],"wp:attachment":[{"href":"http:\/\/www.bruecke-nach-aethiopien.at\/index.php?rest_route=%2Fwp%2Fv2%2Fmedia&parent=299"}],"curies":[{"name":"wp","href":"https:\/\/api.w.org\/{rel}","templated":true}]}}