{"id":314,"date":"2014-12-29T15:30:26","date_gmt":"2014-12-29T14:30:26","guid":{"rendered":"http:\/\/bruecke-nach-aethiopien.srv08.ideefix.net\/?page_id=314"},"modified":"2014-12-29T15:49:06","modified_gmt":"2014-12-29T14:49:06","slug":"impressionen","status":"publish","type":"page","link":"http:\/\/www.bruecke-nach-aethiopien.at\/?page_id=314","title":{"rendered":"Impressionen"},"content":{"rendered":"<p>[vc_row][vc_column width=&#8220;1\/2&#8243;][vc_video title=&#8220;S\u00fcdliches \u00c4thiopien&#8220; link=&#8220;https:\/\/www.youtube.com\/watch?v=SbkXcMSv0EE&#8220;][vc_video title=&#8220;Bale Mountains&#8220; link=&#8220;https:\/\/www.youtube.com\/watch?v=Y8BzJHBqdOA&#8220;][\/vc_column][vc_column width=&#8220;1\/2&#8243;][vc_video title=&#8220;Zauber des Anfangs&#8220; link=&#8220;https:\/\/www.youtube.com\/watch?v=Yk9c5nnVQO4&#8243;][vc_video title=&#8220;Lalibela&#8220; link=&#8220;https:\/\/www.youtube.com\/watch?v=DLPqq4wKpZQ&#8220;][\/vc_column][\/vc_row]<\/p>\n","protected":false},"excerpt":{"rendered":"<p>[vc_row][vc_column width=&#8220;1\/2&#8243;][vc_video title=&#8220;S\u00fcdliches \u00c4thiopien&#8220; link=&#8220;https:\/\/www.youtube.com\/watch?v=SbkXcMSv0EE&#8220;][vc_video title=&#8220;Bale Mountains&#8220; link=&#8220;https:\/\/www.youtube.com\/watch?v=Y8BzJHBqdOA&#8220;][\/vc_column][vc_column width=&#8220;1\/2&#8243;][vc_video title=&#8220;Zauber des Anfangs&#8220; link=&#8220;https:\/\/www.youtube.com\/watch?v=Yk9c5nnVQO4&#8243;][vc_video title=&#8220;Lalibela&#8220; link=&#8220;https:\/\/www.youtube.com\/watch?v=DLPqq4wKpZQ&#8220;][\/vc_column][\/vc_row]<\/p>\n","protected":false},"author":1,"featured_media":0,"parent":0,"menu_order":0,"comment_status":"closed","ping_status":"closed","template":"","meta":[],"yoast_head":"<!-- This site is optimized with the Yoast SEO plugin v20.3 - https:\/\/yoast.com\/wordpress\/plugins\/seo\/ -->\n<title>Impressionen - Br\u00fccke nach \u00c4thiopien<\/title>\n<meta name=\"robots\" content=\"index, follow, max-snippet:-1, max-image-preview:large, max-video-preview:-1\" \/>\n<link rel=\"canonical\" href=\"https:\/\/www.bruecke-nach-aethiopien.at\/?page_id=314\" \/>\n<meta property=\"og:locale\" content=\"de_DE\" \/>\n<meta property=\"og:type\" content=\"article\" \/>\n<meta property=\"og:title\" content=\"Impressionen - Br\u00fccke nach \u00c4thiopien\" \/>\n<meta property=\"og:description\" content=\"[vc_row][vc_column width=&#8220;1\/2&#8243;][vc_video title=&#8220;S\u00fcdliches \u00c4thiopien&#8220; link=&#8220;https:\/\/www.youtube.com\/watch?v=SbkXcMSv0EE&#8220;][vc_video title=&#8220;Bale Mountains&#8220; link=&#8220;https:\/\/www.youtube.com\/watch?v=Y8BzJHBqdOA&#8220;][\/vc_column][vc_column width=&#8220;1\/2&#8243;][vc_video title=&#8220;Zauber des Anfangs&#8220; link=&#8220;https:\/\/www.youtube.com\/watch?v=Yk9c5nnVQO4&#8243;][vc_video title=&#8220;Lalibela&#8220; link=&#8220;https:\/\/www.youtube.com\/watch?v=DLPqq4wKpZQ&#8220;][\/vc_column][\/vc_row]\" \/>\n<meta property=\"og:url\" content=\"https:\/\/www.bruecke-nach-aethiopien.at\/?page_id=314\" \/>\n<meta property=\"og:site_name\" content=\"Br\u00fccke nach \u00c4thiopien\" \/>\n<meta property=\"article:modified_time\" content=\"2014-12-29T14:49:06+00:00\" \/>\n<script type=\"application\/ld+json\" class=\"yoast-schema-graph\">{\"@context\":\"https:\/\/schema.org\",\"@graph\":[{\"@type\":\"WebPage\",\"@id\":\"https:\/\/www.bruecke-nach-aethiopien.at\/?page_id=314\",\"url\":\"https:\/\/www.bruecke-nach-aethiopien.at\/?page_id=314\",\"name\":\"Impressionen - Br\u00fccke nach \u00c4thiopien\",\"isPartOf\":{\"@id\":\"https:\/\/www.bruecke-nach-aethiopien.at\/#website\"},\"datePublished\":\"2014-12-29T14:30:26+00:00\",\"dateModified\":\"2014-12-29T14:49:06+00:00\",\"breadcrumb\":{\"@id\":\"https:\/\/www.bruecke-nach-aethiopien.at\/?page_id=314#breadcrumb\"},\"inLanguage\":\"de\",\"potentialAction\":[{\"@type\":\"ReadAction\",\"target\":[\"https:\/\/www.bruecke-nach-aethiopien.at\/?page_id=314\"]}]},{\"@type\":\"BreadcrumbList\",\"@id\":\"https:\/\/www.bruecke-nach-aethiopien.at\/?page_id=314#breadcrumb\",\"itemListElement\":[{\"@type\":\"ListItem\",\"position\":1,\"name\":\"Home\",\"item\":\"https:\/\/www.bruecke-nach-aethiopien.at\/\"},{\"@type\":\"ListItem\",\"position\":2,\"name\":\"Impressionen\"}]},{\"@type\":\"WebSite\",\"@id\":\"https:\/\/www.bruecke-nach-aethiopien.at\/#website\",\"url\":\"https:\/\/www.bruecke-nach-aethiopien.at\/\",\"name\":\"Br\u00fccke nach \u00c4thiopien\",\"description\":\"Hilfe f\u00fcr \u00c4thiopien bzw. \u00c4thiopier in \u00d6sterreich\",\"potentialAction\":[{\"@type\":\"SearchAction\",\"target\":{\"@type\":\"EntryPoint\",\"urlTemplate\":\"https:\/\/www.bruecke-nach-aethiopien.at\/?s={search_term_string}\"},\"query-input\":\"required name=search_term_string\"}],\"inLanguage\":\"de\"}]}<\/script>\n<!-- \/ Yoast SEO plugin. -->","yoast_head_json":{"title":"Impressionen - Br\u00fccke nach \u00c4thiopien","robots":{"index":"index","follow":"follow","max-snippet":"max-snippet:-1","max-image-preview":"max-image-preview:large","max-video-preview":"max-video-preview:-1"},"canonical":"https:\/\/www.bruecke-nach-aethiopien.at\/?page_id=314","og_locale":"de_DE","og_type":"article","og_title":"Impressionen - Br\u00fccke nach \u00c4thiopien","og_description":"[vc_row][vc_column width=&#8220;1\/2&#8243;][vc_video title=&#8220;S\u00fcdliches \u00c4thiopien&#8220; link=&#8220;https:\/\/www.youtube.com\/watch?v=SbkXcMSv0EE&#8220;][vc_video title=&#8220;Bale Mountains&#8220; link=&#8220;https:\/\/www.youtube.com\/watch?v=Y8BzJHBqdOA&#8220;][\/vc_column][vc_column width=&#8220;1\/2&#8243;][vc_video title=&#8220;Zauber des Anfangs&#8220; link=&#8220;https:\/\/www.youtube.com\/watch?v=Yk9c5nnVQO4&#8243;][vc_video title=&#8220;Lalibela&#8220; link=&#8220;https:\/\/www.youtube.com\/watch?v=DLPqq4wKpZQ&#8220;][\/vc_column][\/vc_row]","og_url":"https:\/\/www.bruecke-nach-aethiopien.at\/?page_id=314","og_site_name":"Br\u00fccke nach \u00c4thiopien","article_modified_time":"2014-12-29T14:49:06+00:00","schema":{"@context":"https:\/\/schema.org","@graph":[{"@type":"WebPage","@id":"https:\/\/www.bruecke-nach-aethiopien.at\/?page_id=314","url":"https:\/\/www.bruecke-nach-aethiopien.at\/?page_id=314","name":"Impressionen - Br\u00fccke nach \u00c4thiopien","isPartOf":{"@id":"https:\/\/www.bruecke-nach-aethiopien.at\/#website"},"datePublished":"2014-12-29T14:30:26+00:00","dateModified":"2014-12-29T14:49:06+00:00","breadcrumb":{"@id":"https:\/\/www.bruecke-nach-aethiopien.at\/?page_id=314#breadcrumb"},"inLanguage":"de","potentialAction":[{"@type":"ReadAction","target":["https:\/\/www.bruecke-nach-aethiopien.at\/?page_id=314"]}]},{"@type":"BreadcrumbList","@id":"https:\/\/www.bruecke-nach-aethiopien.at\/?page_id=314#breadcrumb","itemListElement":[{"@type":"ListItem","position":1,"name":"Home","item":"https:\/\/www.bruecke-nach-aethiopien.at\/"},{"@type":"ListItem","position":2,"name":"Impressionen"}]},{"@type":"WebSite","@id":"https:\/\/www.bruecke-nach-aethiopien.at\/#website","url":"https:\/\/www.bruecke-nach-aethiopien.at\/","name":"Br\u00fccke nach \u00c4thiopien","description":"Hilfe f\u00fcr \u00c4thiopien bzw. \u00c4thiopier in \u00d6sterreich","potentialAction":[{"@type":"SearchAction","target":{"@type":"EntryPoint","urlTemplate":"https:\/\/www.bruecke-nach-aethiopien.at\/?s={search_term_string}"},"query-input":"required name=search_term_string"}],"inLanguage":"de"}]}},"jetpack_shortlink":"https:\/\/wp.me\/P5xo1P-54","_links":{"self":[{"href":"http:\/\/www.bruecke-nach-aethiopien.at\/index.php?rest_route=\/wp\/v2\/pages\/314"}],"collection":[{"href":"http:\/\/www.bruecke-nach-aethiopien.at\/index.php?rest_route=\/wp\/v2\/pages"}],"about":[{"href":"http:\/\/www.bruecke-nach-aethiopien.at\/index.php?rest_route=\/wp\/v2\/types\/page"}],"author":[{"embeddable":true,"href":"http:\/\/www.bruecke-nach-aethiopien.at\/index.php?rest_route=\/wp\/v2\/users\/1"}],"replies":[{"embeddable":true,"href":"http:\/\/www.bruecke-nach-aethiopien.at\/index.php?rest_route=%2Fwp%2Fv2%2Fcomments&post=314"}],"version-history":[{"count":8,"href":"http:\/\/www.bruecke-nach-aethiopien.at\/index.php?rest_route=\/wp\/v2\/pages\/314\/revisions"}],"predecessor-version":[{"id":324,"href":"http:\/\/www.bruecke-nach-aethiopien.at\/index.php?rest_route=\/wp\/v2\/pages\/314\/revisions\/324"}],"wp:attachment":[{"href":"http:\/\/www.bruecke-nach-aethiopien.at\/index.php?rest_route=%2Fwp%2Fv2%2Fmedia&parent=314"}],"curies":[{"name":"wp","href":"https:\/\/api.w.org\/{rel}","templated":true}]}}