{"id":330,"date":"2014-12-29T16:26:11","date_gmt":"2014-12-29T15:26:11","guid":{"rendered":"http:\/\/bruecke-nach-aethiopien.srv08.ideefix.net\/?page_id=330"},"modified":"2014-12-29T16:34:34","modified_gmt":"2014-12-29T15:34:34","slug":"ueber-aethiopien","status":"publish","type":"page","link":"http:\/\/www.bruecke-nach-aethiopien.at\/?page_id=330","title":{"rendered":"\u00dcber \u00c4thiopien"},"content":{"rendered":"<p>\u00c4thiopien liegt am Horn Afrikas und ist vierzehn mal gr\u00f6\u00dfer als \u00d6sterreich, f\u00fcnf mal so gro\u00df wie Gro\u00dfbritannien und zwei mal so gro\u00df wie Texas. Gesch\u00e4tzte 79 Millionen Menschen unterschiedlichster Kulturen leben in diesem faszinierenden Land zwischen W\u00fcste, Regenwald und dem Ursprung des Nils. \u00c4thiopien liegt bei der Bev\u00f6lkerungsdichte in Afrika an zweiter Stelle hinter Nigeria.\u00a0 \u00c4thiopien ist ein reiches, kulturelles Mosaik mit vielen Volksgruppen, Religionen und mehr als 80 Sprachen und Dialekten.<\/p>\n<p>Einst galt das Land als Kornkammer Afrikas, als fr\u00fchchristliche Kulturnation. Diese hochstehende Kultur existierte bis ins letzte Jahrhundert, als Haile Selassie Kaiser war. (1930-74) Heute ist dieses beeindruckende, wundersch\u00f6ne Land leider oft\u00a0 nur in den Negativschlagzeilen: wegen seiner Hungersn\u00f6te,\u00a0 dem Bildungs- und Entwicklungsr\u00fcckstand (fast immer unter den \u00e4rmsten L\u00e4nden der Welt gereiht) oder seinem Krieg mit Eritrea. Dabei hat \u00c4thiopien so viel mehr zu bieten und versetzt\u00a0 jeden Reisenden mit seiner Geschichte, Landschaft, Kultur und Andersartigkeit in Bewunderung und Staunen.<\/p>\n<h4>Geographie<\/h4>\n<p>Geographische Lage: zwischen 3\u00b030&#8242; und 14\u00b053&#8242; n\u00f6rdlicher Breite sowie 33\u00b0 und 48\u00b0 \u00f6stlicher L\u00e4nge.<br \/>\nDie Topografie \u00c4thiopiens ist bemerkenswert vielf\u00e4ltig!\u00a0 W\u00e4hrend es \u00fcber 20 Gipfel gibt die h\u00f6her als 4.000 Meter hoch sind, befindet sich im selben Land auch die Danakil Depression die 120 Meter unter dem Meeresspiegel liegt (zugleich der heisseste Orte der Welt). Es gibt zwei herausragende geografische Zonen: das k\u00fchle Hochland sowie das hei\u00dfe Tiefland welches es umgibt.<br \/>\n\u00c4thiopien besteht aus einem massiven Hochplateau (zwischen 1.800 und 2.400 Meter), das durch den Ostafrikanischen Grabenbruch in zwei H\u00e4lften geteilt wird.<br \/>\nDer h\u00f6chste Berg ist der Ras Dashen (4.543 Meter hoch) &#8211; der vierth\u00f6chste in Afrika. In den Bergen entspringen auch vier gro\u00dfe Flusssysteme, der bekannteste von Ihnen ist der &#8222;Blaue Nil&#8220;. Beginnend im Tana See vereint er sich im Sudan mit dem weissen Nil. Gemeinsam machen sie 90% des Nilwassers &#8211; wie er durch \u00c4gypten fliesst &#8211; aus. Die anderen Fl\u00fcsse sind der Awash (Zentral\u00e4thiopien), der Omo (im S\u00fcdwesten) und der Wabe Shebele (im Osten).<\/p>\n<h4>Klima<\/h4>\n<p>\u00c4thiopiens Klima is so unterschiedlich wie seine\u00a0 Topografie.<br \/>\nIn den Hochl\u00e4ndern herrscht moderates Klima. Addis Abeba liegt zum Beispiel zwischen 2.200 und 2.500 Metern Seeh\u00f6he &#8211; hier kann es in den Wintermonaten schon ziemlich kalt werden und in den hei\u00dferen Monaten weht oft ein erfrischend k\u00fchler Wind. Im Rift Valley ist es moderat bis heiss, in den Bale Bergen im S\u00fcden kann sogar manchmal Schnee fallen. Ganz im S\u00fcden und im westlichen Tiefland ist es hei\u00df und feucht, in der Danakil W\u00fcste f\u00e4llt praktisch nie Regen und es ist sehr heiss und sehr trocken.<br \/>\nIn den Monaten Juni bis September bringt der S\u00fcdwestmonsun die gro\u00dfe Regenzeit mit reichlichen Niederschl\u00e4gen im Hochland. Eine zweite k\u00fcrzere Regenzeit dauert von Februar bis April. Die Regionen Denakil und Ogaden haben trockenhei\u00dfes Halbw\u00fcsten- und W\u00fcstenklima.<\/p>\n<h4>Wirtschaft und Bev\u00f6lkerung<\/h4>\n<p>Da sich die Bev\u00f6lkerung \u00c4thiopiens in den letzten 70 Jahren vervierfacht hat &#8211; heute sind es gesch\u00e4tzte 79 Millionen Menschen, werden auch die Ressourcen knapper. 95% des Waldbestandes sind dieser Bev\u00f6lkerungsexplosion schon zum Opfer gefallen. Wachstumsrate 2,4%, an zweiter Stelle in Afrika hinter Nigeria. Trotz einer Aids Rate von \u00fcber 10% der Bev\u00f6lkerung wird \u00c4thiopien f\u00fcr das Jahr 2025 eine Bev\u00f6lkerung von 113 Millionen vorausgesagt.<br \/>\n85% der Bev\u00f6lkerung lebt im l\u00e4ndlichen Bereich, nur Addis Abeba, die Hauptstadt hat eine Bev\u00f6lkerung von \u00fcber einer Million Menschen.<br \/>\nEinige hunderttausend \u00c4thiopier leben im Ausland (vor allem in den USA und einige auch in der EU).<\/p>\n<p>\u00c4thiopien besitzt eine bemerkenswerte ethnische Vielfalt:<br \/>\nIn \u00c4thiopien werden 83 Sprachen und \u00fcber 200 Dialekte gesprochen. Amtssprache ist Amharisch (aus dem Semitischen wie Arabisch). Um die 12 Millionen Menschen sprechen Amharisch.<br \/>\nDie wichtigsten Volksgruppen sind:<br \/>\nOromo (ca. 54 % der Bev\u00f6lkerung) Christen und Moslems meist Bauern und Viehz\u00fcchter<br \/>\nAmharen und Tigren (24% und 5% der Bev\u00f6lkerung) Christen, Handwerker und Krieger<br \/>\nGurage: Christen, Moslems<br \/>\nHarari: Aus Harar, einer moslemischen Stadt, Moslems<br \/>\nSomali: Moslems<br \/>\nAfar:\u00a0 leben in der Danakel Region und sind bekannt f\u00fcr Ihren Stolz<br \/>\nSidama:<\/p>\n<p>Im Gegensatz zu seinem Nachbarn Kenya wo 75% der Leute lesen und schreiben k\u00f6nnen sind es in \u00c4thiopien nur magere 38,5%. Nur etwa die H\u00e4lfte der Kinder (52%) besuchen eine Grundschule, 12 % eine h\u00f6here Schule.<br \/>\nGlaube ist den \u00c4thiopiern sehr wichtig. 35% der Bev\u00f6lkerung sind Moslems, 45% orthodoxe Christen. Gesch\u00e4tzte 11% der Bev\u00f6lkerung glaubt an traditionelle Afrikanische Naturreligionen.<\/p>\n<p>Ressourcen:<br \/>\nKaffee, geringe Goldvorkommen, Platin, Kupfer, Pottasche, Kalkstein<\/p>\n<p>Landwirtschaft:<br \/>\nNutzfl\u00e4che 10,5%, davon bew\u00e4ssert 1,8%. Auf Grund h\u00e4ufiger D\u00fcrreperioden schwankende Ernteertr\u00e4ge.<\/p>\n<p>Bewaldet:<br \/>\n136 000 km2, j\u00e4hrliche Rodung 624 km2.<\/p>\n<p>Industrie:<br \/>\nNur 2% der Bev\u00f6lkerung arbeiten in der Industrie.<\/p>\n<p>Verkehr:<br \/>\nSchienennetz mit 681 km, Stra\u00dfennetz mit 26 053 km, davon 3656 km befestigt. Internationale Flugh\u00e4fen in Addis Abeba und Dire Dawa.<br \/>\nStaatliche Fluggesellschaft ist die Ethopian Airlines.<\/p>\n<h4>Geschichte<\/h4>\n<p>Entgegen der g\u00e4ngigen Meinung des Westens, ist \u00c4thiopien das beeindruckende Beispiel einer hoch entwickelten Kultur jenseits der Sahara. Einst galt das Land als Kornkammer Afrikas, als fr\u00fchchristliche Kulturnation. Als &#8222;Wiege der Menschheit &#8220; wird \u00c4thiopien bezeichnet, weil es neben einer der \u00e4ltesten Christlichen Traditionen auch die beeindruckendsten archeologischen Funde der Erde sein Eigen nennt.\u00a0 \u00dcber 4,4 Millionen Jahre alte Gebeine (vielleicht sogar das Bindeglied bei der Entwicklung vom Affen zum Menschen) wurden von einem Amerikanisch- Japanischen Team 1992 im Nordosten von \u00c4thiopien entdeckt.\u00a0 Auch die \u00e4ltesten weltweit jemals entdeckten Werkzeugfunde &#8211; 2,5 -2,6 Millionen Jahre stammen aus \u00c4thiopien.\u00a0 Der bekannteste Vorfahre ist aber &#8222;Lucy&#8220; oder &#8222;Denkenesh&#8220; (was im Amharischen soviel heisst wie: &#8222;du bist wunderbar&#8220;), gefunden 1974\u00a0 und ungef\u00e4hr 32 Millionen Jahre alt.<br \/>\nEine \u00fcberaus hochstehende Kultur mit christlichem und arabischem Einfluss existierte bis in dieses Jahrhundert, als Haile Selassie (urspr\u00fcnglich Ras Tafari) Kaiser\u00a0 war (1930-74). Er wurde 1930 in einer extravaganten Zeremonie gekr\u00f6nt die sogar indirekt zu einer neuen Religion f\u00fchrte: den Rastafaries.<br \/>\n\u00c4thiopien war auch bemerkenswert, weil es bis in die 20er Jahre von einer europ\u00e4ischen Kolonialisierung verschont blieb. Seine Lage zwischen Eritrea und Somalia, beides Italienische Kolonien machten aber eine Italienische Invasion fast unumg\u00e4nglich. 1935 begann die Invasion, ein unr\u00fchmliches Kapitel italienischer Geschichte. Fast 300.000 \u00c4thiopier, aber nur 4500 Italiener liesen damals ihr Leben. &#8222;Africa Orientale Italiana&#8220; wurde das neue Somalisch-\u00c4thiopisch-Eritreische Territorium genannt in das Italien gleich 60.000 Arbeiter entsandte um\u00a0 die Infrastruktur zu entwickeln. Jeglicher Widerstand wurde brutalst niedergeschlagen.\u00a0 Durch den 2. Weltkrieg \u00e4nderte sich jedoch die Position Italiens und 1941 konnte die Besetzung \u00c4thiopiens durch die Italiener niedergeschlagen werden.<br \/>\nMit amerikanischer Nachkriegshilfe konnte die Nationalbank, die Fluglinie, eine eigene W\u00e4hrung , die Universit\u00e4t und ein Schulwesen eingerichtet werden. 1955 bekam \u00c4thiopien seine erste Verfassung. Durch seine beeindruckend lange Geschichte der Unabh\u00e4ngigkeit (abgesehen von einem kurzen italienischen Intermezzo) wurde Addis Abeba 1958\u00a0 zum Hauptsitz der &#8222;United Nations Economic Commission for Africa&#8220; und 1962\u00a0 &#8222;Organisation of African Unity&#8220; (OAU) ernannt.<br \/>\n1974 wurde der \u00e4thiopische Herrscher endg\u00fcltig gest\u00fcrzt und durch ein kommunistisches Milit\u00e4rregime (&#8222;Derg&#8220; oder &#8222;Committee&#8220; genannt) ersetzt.<br \/>\nSeit den 60iger Jahren k\u00e4mpften Separatisten f\u00fcr eine Abspaltung der Provinz Eritrea. Seine Regierung wurde 1974 gest\u00fcrzt. Die neuen kommunistischen Machthaber zogen ein Terror-Regime auf, das f\u00fcr den Tod von vermutlich 300.000 Menschen verantwortlich ist. Der Sezessionskrieg dauerte an und endete 1991 mit der Unabh\u00e4ngigkeit Eritreas.<br \/>\nNach der an sich friedlichen und partnerschaftlichen Trennung kam es 1998 zu einem bewaffneten Konflikt. Beide L\u00e4nder beschuldigten einander der Grenzverletzung. Der Streit weitete sich zum Krieg aus. Mehr als 10.000 Menschen sollen auf beiden Seiten get\u00f6tet worden sein. Der Konflikt um die Genzen \u00c4thiopiens zu Eritrea dauert bis zum heutigen Datum an. So wird noch immer viel Staatsgeld, anstatt in die so wichtige Infrastruktur, in Milit\u00e4r und Kriegsf\u00fchrung investiert.<\/p>\n<p>Die erste gro\u00dfe Hungersnot traf \u00c4thiopien 1984. In diesem Jahr herrschte in allen Teilen Ostafrikas eine schlimmen D\u00fcrre. Obwohl tonnenweise Lebensmittel geschickt wurden, starben in etwa 1.5 Millionen \u00c4thiopier an den Folgen der D\u00fcrrekatastrophe.<\/p>\n<h4>Die \u00c4thiopische Flagge<\/h4>\n<p>Mit umgekehrter Farbenfolge 1897 in Gebrauch genommen, 1941 wieder eingef\u00fchrt. Bei diesen &#8222;panafrikanischen&#8220; Farben stehen Gr\u00fcn f\u00fcr die Fruchtbarkeit des Heimatbodens, Gelb f\u00fcr die Liebe zum Heimatland und Rot f\u00fcr das zur Erlangung und Erhaltung der Unabh\u00e4ngigkeit vergossene Blut.<br \/>\n<a href=\"https:\/\/i0.wp.com\/bruecke-nach-aethiopien.srv08.ideefix.net\/wp-content\/uploads\/2014\/12\/flagge-aethiopien.png\"><img decoding=\"async\" loading=\"lazy\" class=\"alignnone size-medium wp-image-337\" src=\"https:\/\/i0.wp.com\/bruecke-nach-aethiopien.srv08.ideefix.net\/wp-content\/uploads\/2014\/12\/flagge-aethiopien-300x150.png?resize=300%2C150\" alt=\"flagge-aethiopien\" width=\"300\" height=\"150\" srcset=\"https:\/\/i0.wp.com\/www.bruecke-nach-aethiopien.at\/wp-content\/uploads\/2014\/12\/flagge-aethiopien.png?resize=300%2C150 300w, https:\/\/i0.wp.com\/www.bruecke-nach-aethiopien.at\/wp-content\/uploads\/2014\/12\/flagge-aethiopien.png?w=500 500w\" sizes=\"(max-width: 300px) 100vw, 300px\" data-recalc-dims=\"1\" \/><\/a><\/p>\n","protected":false},"excerpt":{"rendered":"<p>\u00c4thiopien liegt am Horn Afrikas und ist vierzehn mal gr\u00f6\u00dfer als \u00d6sterreich, f\u00fcnf mal so gro\u00df wie Gro\u00dfbritannien und zwei mal so gro\u00df wie Texas. Gesch\u00e4tzte 79 Millionen Menschen unterschiedlichster Kulturen leben in diesem faszinierenden Land zwischen W\u00fcste, Regenwald und dem Ursprung des Nils. \u00c4thiopien liegt bei der Bev\u00f6lkerungsdichte in Afrika an zweiter Stelle hinter<\/p>\n","protected":false},"author":1,"featured_media":278,"parent":0,"menu_order":0,"comment_status":"closed","ping_status":"closed","template":"","meta":[],"yoast_head":"<!-- This site is optimized with the Yoast SEO plugin v20.3 - https:\/\/yoast.com\/wordpress\/plugins\/seo\/ -->\n<title>\u00dcber \u00c4thiopien - Br\u00fccke nach \u00c4thiopien<\/title>\n<meta name=\"robots\" content=\"index, follow, max-snippet:-1, max-image-preview:large, max-video-preview:-1\" \/>\n<link rel=\"canonical\" href=\"https:\/\/www.bruecke-nach-aethiopien.at\/?page_id=330\" \/>\n<meta property=\"og:locale\" content=\"de_DE\" \/>\n<meta property=\"og:type\" content=\"article\" \/>\n<meta property=\"og:title\" content=\"\u00dcber \u00c4thiopien - Br\u00fccke nach \u00c4thiopien\" \/>\n<meta property=\"og:description\" content=\"\u00c4thiopien liegt am Horn Afrikas und ist vierzehn mal gr\u00f6\u00dfer als \u00d6sterreich, f\u00fcnf mal so gro\u00df wie Gro\u00dfbritannien und zwei mal so gro\u00df wie Texas. Gesch\u00e4tzte 79 Millionen Menschen unterschiedlichster Kulturen leben in diesem faszinierenden Land zwischen W\u00fcste, Regenwald und dem Ursprung des Nils. \u00c4thiopien liegt bei der Bev\u00f6lkerungsdichte in Afrika an zweiter Stelle hinter\" \/>\n<meta property=\"og:url\" content=\"https:\/\/www.bruecke-nach-aethiopien.at\/?page_id=330\" \/>\n<meta property=\"og:site_name\" content=\"Br\u00fccke nach \u00c4thiopien\" \/>\n<meta property=\"article:modified_time\" content=\"2014-12-29T15:34:34+00:00\" \/>\n<meta property=\"og:image\" content=\"https:\/\/i0.wp.com\/www.bruecke-nach-aethiopien.at\/wp-content\/uploads\/2014\/12\/dorf.jpg?fit=778%2C220&ssl=1\" \/>\n\t<meta property=\"og:image:width\" content=\"778\" \/>\n\t<meta property=\"og:image:height\" content=\"220\" \/>\n\t<meta property=\"og:image:type\" content=\"image\/jpeg\" \/>\n<meta name=\"twitter:label1\" content=\"Gesch\u00e4tzte Lesezeit\" \/>\n\t<meta name=\"twitter:data1\" content=\"7\u00a0Minuten\" \/>\n<script type=\"application\/ld+json\" class=\"yoast-schema-graph\">{\"@context\":\"https:\/\/schema.org\",\"@graph\":[{\"@type\":\"WebPage\",\"@id\":\"https:\/\/www.bruecke-nach-aethiopien.at\/?page_id=330\",\"url\":\"https:\/\/www.bruecke-nach-aethiopien.at\/?page_id=330\",\"name\":\"\u00dcber \u00c4thiopien - Br\u00fccke nach \u00c4thiopien\",\"isPartOf\":{\"@id\":\"http:\/\/www.bruecke-nach-aethiopien.at\/#website\"},\"datePublished\":\"2014-12-29T15:26:11+00:00\",\"dateModified\":\"2014-12-29T15:34:34+00:00\",\"breadcrumb\":{\"@id\":\"https:\/\/www.bruecke-nach-aethiopien.at\/?page_id=330#breadcrumb\"},\"inLanguage\":\"de\",\"potentialAction\":[{\"@type\":\"ReadAction\",\"target\":[\"https:\/\/www.bruecke-nach-aethiopien.at\/?page_id=330\"]}]},{\"@type\":\"BreadcrumbList\",\"@id\":\"https:\/\/www.bruecke-nach-aethiopien.at\/?page_id=330#breadcrumb\",\"itemListElement\":[{\"@type\":\"ListItem\",\"position\":1,\"name\":\"Home\",\"item\":\"http:\/\/www.bruecke-nach-aethiopien.at\/\"},{\"@type\":\"ListItem\",\"position\":2,\"name\":\"\u00dcber \u00c4thiopien\"}]},{\"@type\":\"WebSite\",\"@id\":\"http:\/\/www.bruecke-nach-aethiopien.at\/#website\",\"url\":\"http:\/\/www.bruecke-nach-aethiopien.at\/\",\"name\":\"Br\u00fccke nach \u00c4thiopien\",\"description\":\"Hilfe f\u00fcr \u00c4thiopien bzw. \u00c4thiopier in \u00d6sterreich\",\"potentialAction\":[{\"@type\":\"SearchAction\",\"target\":{\"@type\":\"EntryPoint\",\"urlTemplate\":\"http:\/\/www.bruecke-nach-aethiopien.at\/?s={search_term_string}\"},\"query-input\":\"required name=search_term_string\"}],\"inLanguage\":\"de\"}]}<\/script>\n<!-- \/ Yoast SEO plugin. -->","yoast_head_json":{"title":"\u00dcber \u00c4thiopien - Br\u00fccke nach \u00c4thiopien","robots":{"index":"index","follow":"follow","max-snippet":"max-snippet:-1","max-image-preview":"max-image-preview:large","max-video-preview":"max-video-preview:-1"},"canonical":"https:\/\/www.bruecke-nach-aethiopien.at\/?page_id=330","og_locale":"de_DE","og_type":"article","og_title":"\u00dcber \u00c4thiopien - Br\u00fccke nach \u00c4thiopien","og_description":"\u00c4thiopien liegt am Horn Afrikas und ist vierzehn mal gr\u00f6\u00dfer als \u00d6sterreich, f\u00fcnf mal so gro\u00df wie Gro\u00dfbritannien und zwei mal so gro\u00df wie Texas. Gesch\u00e4tzte 79 Millionen Menschen unterschiedlichster Kulturen leben in diesem faszinierenden Land zwischen W\u00fcste, Regenwald und dem Ursprung des Nils. \u00c4thiopien liegt bei der Bev\u00f6lkerungsdichte in Afrika an zweiter Stelle hinter","og_url":"https:\/\/www.bruecke-nach-aethiopien.at\/?page_id=330","og_site_name":"Br\u00fccke nach \u00c4thiopien","article_modified_time":"2014-12-29T15:34:34+00:00","og_image":[{"width":778,"height":220,"url":"https:\/\/i0.wp.com\/www.bruecke-nach-aethiopien.at\/wp-content\/uploads\/2014\/12\/dorf.jpg?fit=778%2C220&ssl=1","type":"image\/jpeg"}],"twitter_misc":{"Gesch\u00e4tzte Lesezeit":"7\u00a0Minuten"},"schema":{"@context":"https:\/\/schema.org","@graph":[{"@type":"WebPage","@id":"https:\/\/www.bruecke-nach-aethiopien.at\/?page_id=330","url":"https:\/\/www.bruecke-nach-aethiopien.at\/?page_id=330","name":"\u00dcber \u00c4thiopien - Br\u00fccke nach \u00c4thiopien","isPartOf":{"@id":"http:\/\/www.bruecke-nach-aethiopien.at\/#website"},"datePublished":"2014-12-29T15:26:11+00:00","dateModified":"2014-12-29T15:34:34+00:00","breadcrumb":{"@id":"https:\/\/www.bruecke-nach-aethiopien.at\/?page_id=330#breadcrumb"},"inLanguage":"de","potentialAction":[{"@type":"ReadAction","target":["https:\/\/www.bruecke-nach-aethiopien.at\/?page_id=330"]}]},{"@type":"BreadcrumbList","@id":"https:\/\/www.bruecke-nach-aethiopien.at\/?page_id=330#breadcrumb","itemListElement":[{"@type":"ListItem","position":1,"name":"Home","item":"http:\/\/www.bruecke-nach-aethiopien.at\/"},{"@type":"ListItem","position":2,"name":"\u00dcber \u00c4thiopien"}]},{"@type":"WebSite","@id":"http:\/\/www.bruecke-nach-aethiopien.at\/#website","url":"http:\/\/www.bruecke-nach-aethiopien.at\/","name":"Br\u00fccke nach \u00c4thiopien","description":"Hilfe f\u00fcr \u00c4thiopien bzw. \u00c4thiopier in \u00d6sterreich","potentialAction":[{"@type":"SearchAction","target":{"@type":"EntryPoint","urlTemplate":"http:\/\/www.bruecke-nach-aethiopien.at\/?s={search_term_string}"},"query-input":"required name=search_term_string"}],"inLanguage":"de"}]}},"jetpack_shortlink":"https:\/\/wp.me\/P5xo1P-5k","_links":{"self":[{"href":"http:\/\/www.bruecke-nach-aethiopien.at\/index.php?rest_route=\/wp\/v2\/pages\/330"}],"collection":[{"href":"http:\/\/www.bruecke-nach-aethiopien.at\/index.php?rest_route=\/wp\/v2\/pages"}],"about":[{"href":"http:\/\/www.bruecke-nach-aethiopien.at\/index.php?rest_route=\/wp\/v2\/types\/page"}],"author":[{"embeddable":true,"href":"http:\/\/www.bruecke-nach-aethiopien.at\/index.php?rest_route=\/wp\/v2\/users\/1"}],"replies":[{"embeddable":true,"href":"http:\/\/www.bruecke-nach-aethiopien.at\/index.php?rest_route=%2Fwp%2Fv2%2Fcomments&post=330"}],"version-history":[{"count":6,"href":"http:\/\/www.bruecke-nach-aethiopien.at\/index.php?rest_route=\/wp\/v2\/pages\/330\/revisions"}],"predecessor-version":[{"id":338,"href":"http:\/\/www.bruecke-nach-aethiopien.at\/index.php?rest_route=\/wp\/v2\/pages\/330\/revisions\/338"}],"wp:featuredmedia":[{"embeddable":true,"href":"http:\/\/www.bruecke-nach-aethiopien.at\/index.php?rest_route=\/wp\/v2\/media\/278"}],"wp:attachment":[{"href":"http:\/\/www.bruecke-nach-aethiopien.at\/index.php?rest_route=%2Fwp%2Fv2%2Fmedia&parent=330"}],"curies":[{"name":"wp","href":"https:\/\/api.w.org\/{rel}","templated":true}]}}