{"id":96,"date":"2014-10-03T10:04:05","date_gmt":"2014-10-03T10:04:05","guid":{"rendered":"http:\/\/thematicwebs.ca\/demo\/wp\/rise\/?page_id=96"},"modified":"2014-12-29T15:54:47","modified_gmt":"2014-12-29T14:54:47","slug":"gallery-2-column","status":"publish","type":"page","link":"http:\/\/www.bruecke-nach-aethiopien.at\/?page_id=96","title":{"rendered":"Fotogallerie"},"content":{"rendered":"","protected":false},"excerpt":{"rendered":"","protected":false},"author":1,"featured_media":0,"parent":0,"menu_order":0,"comment_status":"open","ping_status":"open","template":"tpl-gallery.php","meta":[],"yoast_head":"<!-- This site is optimized with the Yoast SEO plugin v20.3 - https:\/\/yoast.com\/wordpress\/plugins\/seo\/ -->\n<title>Fotogallerie - Br\u00fccke nach \u00c4thiopien<\/title>\n<meta name=\"robots\" content=\"index, follow, max-snippet:-1, max-image-preview:large, max-video-preview:-1\" \/>\n<link rel=\"canonical\" href=\"http:\/\/www.bruecke-nach-aethiopien.at\/?page_id=96\" \/>\n<meta property=\"og:locale\" content=\"de_DE\" \/>\n<meta property=\"og:type\" content=\"article\" \/>\n<meta property=\"og:title\" content=\"Fotogallerie - Br\u00fccke nach \u00c4thiopien\" \/>\n<meta property=\"og:url\" content=\"http:\/\/www.bruecke-nach-aethiopien.at\/?page_id=96\" \/>\n<meta property=\"og:site_name\" content=\"Br\u00fccke nach \u00c4thiopien\" \/>\n<meta property=\"article:modified_time\" content=\"2014-12-29T14:54:47+00:00\" \/>\n<script type=\"application\/ld+json\" class=\"yoast-schema-graph\">{\"@context\":\"https:\/\/schema.org\",\"@graph\":[{\"@type\":\"WebPage\",\"@id\":\"http:\/\/www.bruecke-nach-aethiopien.at\/?page_id=96\",\"url\":\"http:\/\/www.bruecke-nach-aethiopien.at\/?page_id=96\",\"name\":\"Fotogallerie - Br\u00fccke nach \u00c4thiopien\",\"isPartOf\":{\"@id\":\"https:\/\/www.bruecke-nach-aethiopien.at\/#website\"},\"datePublished\":\"2014-10-03T10:04:05+00:00\",\"dateModified\":\"2014-12-29T14:54:47+00:00\",\"breadcrumb\":{\"@id\":\"http:\/\/www.bruecke-nach-aethiopien.at\/?page_id=96#breadcrumb\"},\"inLanguage\":\"de\",\"potentialAction\":[{\"@type\":\"ReadAction\",\"target\":[\"http:\/\/www.bruecke-nach-aethiopien.at\/?page_id=96\"]}]},{\"@type\":\"BreadcrumbList\",\"@id\":\"http:\/\/www.bruecke-nach-aethiopien.at\/?page_id=96#breadcrumb\",\"itemListElement\":[{\"@type\":\"ListItem\",\"position\":1,\"name\":\"Home\",\"item\":\"https:\/\/www.bruecke-nach-aethiopien.at\/\"},{\"@type\":\"ListItem\",\"position\":2,\"name\":\"Fotogallerie\"}]},{\"@type\":\"WebSite\",\"@id\":\"https:\/\/www.bruecke-nach-aethiopien.at\/#website\",\"url\":\"https:\/\/www.bruecke-nach-aethiopien.at\/\",\"name\":\"Br\u00fccke nach \u00c4thiopien\",\"description\":\"Hilfe f\u00fcr \u00c4thiopien bzw. \u00c4thiopier in \u00d6sterreich\",\"potentialAction\":[{\"@type\":\"SearchAction\",\"target\":{\"@type\":\"EntryPoint\",\"urlTemplate\":\"https:\/\/www.bruecke-nach-aethiopien.at\/?s={search_term_string}\"},\"query-input\":\"required name=search_term_string\"}],\"inLanguage\":\"de\"}]}<\/script>\n<!-- \/ Yoast SEO plugin. -->","yoast_head_json":{"title":"Fotogallerie - Br\u00fccke nach \u00c4thiopien","robots":{"index":"index","follow":"follow","max-snippet":"max-snippet:-1","max-image-preview":"max-image-preview:large","max-video-preview":"max-video-preview:-1"},"canonical":"http:\/\/www.bruecke-nach-aethiopien.at\/?page_id=96","og_locale":"de_DE","og_type":"article","og_title":"Fotogallerie - Br\u00fccke nach \u00c4thiopien","og_url":"http:\/\/www.bruecke-nach-aethiopien.at\/?page_id=96","og_site_name":"Br\u00fccke nach \u00c4thiopien","article_modified_time":"2014-12-29T14:54:47+00:00","schema":{"@context":"https:\/\/schema.org","@graph":[{"@type":"WebPage","@id":"http:\/\/www.bruecke-nach-aethiopien.at\/?page_id=96","url":"http:\/\/www.bruecke-nach-aethiopien.at\/?page_id=96","name":"Fotogallerie - Br\u00fccke nach \u00c4thiopien","isPartOf":{"@id":"https:\/\/www.bruecke-nach-aethiopien.at\/#website"},"datePublished":"2014-10-03T10:04:05+00:00","dateModified":"2014-12-29T14:54:47+00:00","breadcrumb":{"@id":"http:\/\/www.bruecke-nach-aethiopien.at\/?page_id=96#breadcrumb"},"inLanguage":"de","potentialAction":[{"@type":"ReadAction","target":["http:\/\/www.bruecke-nach-aethiopien.at\/?page_id=96"]}]},{"@type":"BreadcrumbList","@id":"http:\/\/www.bruecke-nach-aethiopien.at\/?page_id=96#breadcrumb","itemListElement":[{"@type":"ListItem","position":1,"name":"Home","item":"https:\/\/www.bruecke-nach-aethiopien.at\/"},{"@type":"ListItem","position":2,"name":"Fotogallerie"}]},{"@type":"WebSite","@id":"https:\/\/www.bruecke-nach-aethiopien.at\/#website","url":"https:\/\/www.bruecke-nach-aethiopien.at\/","name":"Br\u00fccke nach \u00c4thiopien","description":"Hilfe f\u00fcr \u00c4thiopien bzw. \u00c4thiopier in \u00d6sterreich","potentialAction":[{"@type":"SearchAction","target":{"@type":"EntryPoint","urlTemplate":"https:\/\/www.bruecke-nach-aethiopien.at\/?s={search_term_string}"},"query-input":"required name=search_term_string"}],"inLanguage":"de"}]}},"jetpack_shortlink":"https:\/\/wp.me\/P5xo1P-1y","_links":{"self":[{"href":"http:\/\/www.bruecke-nach-aethiopien.at\/index.php?rest_route=\/wp\/v2\/pages\/96"}],"collection":[{"href":"http:\/\/www.bruecke-nach-aethiopien.at\/index.php?rest_route=\/wp\/v2\/pages"}],"about":[{"href":"http:\/\/www.bruecke-nach-aethiopien.at\/index.php?rest_route=\/wp\/v2\/types\/page"}],"author":[{"embeddable":true,"href":"http:\/\/www.bruecke-nach-aethiopien.at\/index.php?rest_route=\/wp\/v2\/users\/1"}],"replies":[{"embeddable":true,"href":"http:\/\/www.bruecke-nach-aethiopien.at\/index.php?rest_route=%2Fwp%2Fv2%2Fcomments&post=96"}],"version-history":[{"count":1,"href":"http:\/\/www.bruecke-nach-aethiopien.at\/index.php?rest_route=\/wp\/v2\/pages\/96\/revisions"}],"predecessor-version":[{"id":326,"href":"http:\/\/www.bruecke-nach-aethiopien.at\/index.php?rest_route=\/wp\/v2\/pages\/96\/revisions\/326"}],"wp:attachment":[{"href":"http:\/\/www.bruecke-nach-aethiopien.at\/index.php?rest_route=%2Fwp%2Fv2%2Fmedia&parent=96"}],"curies":[{"name":"wp","href":"https:\/\/api.w.org\/{rel}","templated":true}]}}